{"id":1095,"date":"2020-10-06T15:15:25","date_gmt":"2020-10-06T19:15:25","guid":{"rendered":"https:\/\/gobiernoparroquialsancristobal.gob.ec\/azuay\/?page_id=1095"},"modified":"2021-07-29T12:36:43","modified_gmt":"2021-07-29T16:36:43","slug":"rendicion-de-cuentas-presidencia","status":"publish","type":"page","link":"https:\/\/gobiernoparroquialsancristobal.gob.ec\/azuay\/rendicion-de-cuentas-presidencia\/","title":{"rendered":"Rendici\u00f3n de cuentas Institucional"},"content":{"rendered":"<p style=\"text-align: center;\"><strong><span style=\"color: #ff00ff;\">PROCESO DE RENDICI\u00d3N DE CUENTAS DEL A\u00d1O 2020<\/span><\/strong><\/p>\n<p>&nbsp;<\/p>\n<p><a href=\"https:\/\/gobiernoparroquialsancristobal.gob.ec\/azuay\/wp-content\/uploads\/2021\/07\/Informe_Rendicion_Cuentas_GADPSC_2020.pdf\">Informe rendicion de cuentas GADPSC 2020<\/a><\/p>\n<p><a href=\"https:\/\/gobiernoparroquialsancristobal.gob.ec\/azuay\/rendicion-de-cuentas-presidencia\/convocatoria-consulta-ciudadana\/\" rel=\"attachment wp-att-1213\">Convocatoria Consulta Ciudadana<\/a><\/p>\n<p><a href=\"https:\/\/gobiernoparroquialsancristobal.gob.ec\/azuay\/rendicion-de-cuentas-presidencia\/acta-de-conformacion-equipo-tecnico\/\" rel=\"attachment wp-att-1214\">Acta de conformacion Equipo Tecnico<\/a><\/p>\n<p><a href=\"https:\/\/gobiernoparroquialsancristobal.gob.ec\/azuay\/rendicion-de-cuentas-presidencia\/respuestas-consultas-ciudadanas\/\" rel=\"attachment wp-att-1216\">Respuestas consultas ciudadanas<\/a><\/p>\n<p><a href=\"https:\/\/gobiernoparroquialsancristobal.gob.ec\/azuay\/rendicion-de-cuentas-presidencia\/acta-aprobacion-informes-rc-2020\/\" rel=\"attachment wp-att-1215\">Acta aprobacion informes RC 2020<\/a><\/p>\n<p><a href=\"https:\/\/gobiernoparroquialsancristobal.gob.ec\/azuay\/rendicion-de-cuentas-presidencia\/invitacion-a-deliberacion-publica\/\" rel=\"attachment wp-att-1217\">Invitacion a Deliberacion Publica<\/a><\/p>\n<p><a href=\"https:\/\/gobiernoparroquialsancristobal.gob.ec\/azuay\/rendicion-de-cuentas-presidencia\/registro-asistencia-deliberacion-publica\/\" rel=\"attachment wp-att-1218\">Registro Asistencia Deliberacion Publica<\/a><\/p>\n<p><a href=\"https:\/\/gobiernoparroquialsancristobal.gob.ec\/azuay\/rendicion-de-cuentas-presidencia\/consejo-de-planificacion-parroquial-de-san-cristobal\/\" rel=\"attachment wp-att-1247\">CONSEJO DE PLANIFICACI\u00d3N PARROQUIAL DE SAN CRISTOBAL<\/a><\/p>\n<p>&nbsp;<\/p>\n<div align=\"center\"><iframe loading=\"lazy\" style=\"border: none; overflow: hidden;\" src=\"https:\/\/www.facebook.com\/plugins\/video.php?height=476&amp;href=https%3A%2F%2Fwww.facebook.com%2F100009021095122%2Fvideos%2F839379286682773%2F&amp;show_text=false&amp;width=267&amp;t=0\" width=\"467\" height=\"876\" frameborder=\"0\" scrolling=\"no\" allowfullscreen=\"allowfullscreen\"><span data-mce-type=\"bookmark\" style=\"display: inline-block; width: 0px; overflow: hidden; line-height: 0;\" class=\"mce_SELRES_start\">\ufeff<\/span><\/iframe><\/div>\n","protected":false},"excerpt":{"rendered":"<p>PROCESO DE RENDICI\u00d3N DE CUENTAS DEL A\u00d1O 2020 &nbsp; Informe rendicion de cuentas GADPSC 2020 Convocatoria Consulta Ciudadana Acta de conformacion Equipo Tecnico Respuestas consultas ciudadanas Acta aprobacion informes RC 2020 Invitacion a Deliberacion Publica Registro Asistencia Deliberacion Publica CONSEJO DE PLANIFICACI\u00d3N PARROQUIAL DE SAN CRISTOBAL &nbsp; \ufeff<\/p>\n","protected":false},"author":6,"featured_media":0,"parent":0,"menu_order":0,"comment_status":"closed","ping_status":"closed","template":"","meta":{"footnotes":""},"class_list":["post-1095","page","type-page","status-publish","hentry"],"yoast_head":"<!-- This site is optimized with the Yoast SEO plugin v24.1 - https:\/\/yoast.com\/wordpress\/plugins\/seo\/ -->\n<title>Rendici\u00f3n de cuentas Institucional - GAD Parroquial de San Cristobal<\/title>\n<meta name=\"robots\" content=\"index, follow, max-snippet:-1, max-image-preview:large, max-video-preview:-1\" \/>\n<link rel=\"canonical\" href=\"https:\/\/gobiernoparroquialsancristobal.gob.ec\/azuay\/rendicion-de-cuentas-presidencia\/\" \/>\n<meta property=\"og:locale\" content=\"es_ES\" \/>\n<meta property=\"og:type\" content=\"article\" \/>\n<meta property=\"og:title\" content=\"Rendici\u00f3n de cuentas Institucional - GAD Parroquial de San Cristobal\" \/>\n<meta property=\"og:description\" content=\"PROCESO DE RENDICI\u00d3N DE CUENTAS DEL A\u00d1O 2020 &nbsp; Informe rendicion de cuentas GADPSC 2020 Convocatoria Consulta Ciudadana Acta de conformacion Equipo Tecnico Respuestas consultas ciudadanas Acta aprobacion informes RC 2020 Invitacion a Deliberacion Publica Registro Asistencia Deliberacion Publica CONSEJO DE PLANIFICACI\u00d3N PARROQUIAL DE SAN CRISTOBAL &nbsp; \ufeff\" \/>\n<meta property=\"og:url\" content=\"https:\/\/gobiernoparroquialsancristobal.gob.ec\/azuay\/rendicion-de-cuentas-presidencia\/\" \/>\n<meta property=\"og:site_name\" content=\"GAD Parroquial de San Cristobal\" \/>\n<meta property=\"article:modified_time\" content=\"2021-07-29T16:36:43+00:00\" \/>\n<meta name=\"twitter:card\" content=\"summary_large_image\" \/>\n<script type=\"application\/ld+json\" class=\"yoast-schema-graph\">{\"@context\":\"https:\/\/schema.org\",\"@graph\":[{\"@type\":\"WebPage\",\"@id\":\"https:\/\/gobiernoparroquialsancristobal.gob.ec\/azuay\/rendicion-de-cuentas-presidencia\/\",\"url\":\"https:\/\/gobiernoparroquialsancristobal.gob.ec\/azuay\/rendicion-de-cuentas-presidencia\/\",\"name\":\"Rendici\u00f3n de cuentas Institucional - GAD Parroquial de San Cristobal\",\"isPartOf\":{\"@id\":\"https:\/\/gobiernoparroquialsancristobal.gob.ec\/azuay\/#website\"},\"datePublished\":\"2020-10-06T19:15:25+00:00\",\"dateModified\":\"2021-07-29T16:36:43+00:00\",\"breadcrumb\":{\"@id\":\"https:\/\/gobiernoparroquialsancristobal.gob.ec\/azuay\/rendicion-de-cuentas-presidencia\/#breadcrumb\"},\"inLanguage\":\"es\",\"potentialAction\":[{\"@type\":\"ReadAction\",\"target\":[\"https:\/\/gobiernoparroquialsancristobal.gob.ec\/azuay\/rendicion-de-cuentas-presidencia\/\"]}]},{\"@type\":\"BreadcrumbList\",\"@id\":\"https:\/\/gobiernoparroquialsancristobal.gob.ec\/azuay\/rendicion-de-cuentas-presidencia\/#breadcrumb\",\"itemListElement\":[{\"@type\":\"ListItem\",\"position\":1,\"name\":\"Home\",\"item\":\"https:\/\/gobiernoparroquialsancristobal.gob.ec\/azuay\/\"},{\"@type\":\"ListItem\",\"position\":2,\"name\":\"Rendici\u00f3n de cuentas Institucional\"}]},{\"@type\":\"WebSite\",\"@id\":\"https:\/\/gobiernoparroquialsancristobal.gob.ec\/azuay\/#website\",\"url\":\"https:\/\/gobiernoparroquialsancristobal.gob.ec\/azuay\/\",\"name\":\"GAD Parroquial de San Cristobal Azuay\",\"description\":\"Sitio Oficial del GAD Parroquial San Cristobal Azuay\",\"publisher\":{\"@id\":\"https:\/\/gobiernoparroquialsancristobal.gob.ec\/azuay\/#organization\"},\"potentialAction\":[{\"@type\":\"SearchAction\",\"target\":{\"@type\":\"EntryPoint\",\"urlTemplate\":\"https:\/\/gobiernoparroquialsancristobal.gob.ec\/azuay\/?s={search_term_string}\"},\"query-input\":{\"@type\":\"PropertyValueSpecification\",\"valueRequired\":true,\"valueName\":\"search_term_string\"}}],\"inLanguage\":\"es\"},{\"@type\":\"Organization\",\"@id\":\"https:\/\/gobiernoparroquialsancristobal.gob.ec\/azuay\/#organization\",\"name\":\"GAD Parroquial de San Cristobal Azuay\",\"url\":\"https:\/\/gobiernoparroquialsancristobal.gob.ec\/azuay\/\",\"logo\":{\"@type\":\"ImageObject\",\"inLanguage\":\"es\",\"@id\":\"https:\/\/gobiernoparroquialsancristobal.gob.ec\/azuay\/#\/schema\/logo\/image\/\",\"url\":\"https:\/\/gobiernoparroquialsancristobal.gob.ec\/azuay\/wp-content\/uploads\/2020\/06\/logoFooter.png\",\"contentUrl\":\"https:\/\/gobiernoparroquialsancristobal.gob.ec\/azuay\/wp-content\/uploads\/2020\/06\/logoFooter.png\",\"width\":200,\"height\":150,\"caption\":\"GAD Parroquial de San Cristobal Azuay\"},\"image\":{\"@id\":\"https:\/\/gobiernoparroquialsancristobal.gob.ec\/azuay\/#\/schema\/logo\/image\/\"}}]}<\/script>\n<!-- \/ Yoast SEO plugin. -->","yoast_head_json":{"title":"Rendici\u00f3n de cuentas Institucional - GAD Parroquial de San Cristobal","robots":{"index":"index","follow":"follow","max-snippet":"max-snippet:-1","max-image-preview":"max-image-preview:large","max-video-preview":"max-video-preview:-1"},"canonical":"https:\/\/gobiernoparroquialsancristobal.gob.ec\/azuay\/rendicion-de-cuentas-presidencia\/","og_locale":"es_ES","og_type":"article","og_title":"Rendici\u00f3n de cuentas Institucional - GAD Parroquial de San Cristobal","og_description":"PROCESO DE RENDICI\u00d3N DE CUENTAS DEL A\u00d1O 2020 &nbsp; Informe rendicion de cuentas GADPSC 2020 Convocatoria Consulta Ciudadana Acta de conformacion Equipo Tecnico Respuestas consultas ciudadanas Acta aprobacion informes RC 2020 Invitacion a Deliberacion Publica Registro Asistencia Deliberacion Publica CONSEJO DE PLANIFICACI\u00d3N PARROQUIAL DE SAN CRISTOBAL &nbsp; \ufeff","og_url":"https:\/\/gobiernoparroquialsancristobal.gob.ec\/azuay\/rendicion-de-cuentas-presidencia\/","og_site_name":"GAD Parroquial de San Cristobal","article_modified_time":"2021-07-29T16:36:43+00:00","twitter_card":"summary_large_image","schema":{"@context":"https:\/\/schema.org","@graph":[{"@type":"WebPage","@id":"https:\/\/gobiernoparroquialsancristobal.gob.ec\/azuay\/rendicion-de-cuentas-presidencia\/","url":"https:\/\/gobiernoparroquialsancristobal.gob.ec\/azuay\/rendicion-de-cuentas-presidencia\/","name":"Rendici\u00f3n de cuentas Institucional - GAD Parroquial de San Cristobal","isPartOf":{"@id":"https:\/\/gobiernoparroquialsancristobal.gob.ec\/azuay\/#website"},"datePublished":"2020-10-06T19:15:25+00:00","dateModified":"2021-07-29T16:36:43+00:00","breadcrumb":{"@id":"https:\/\/gobiernoparroquialsancristobal.gob.ec\/azuay\/rendicion-de-cuentas-presidencia\/#breadcrumb"},"inLanguage":"es","potentialAction":[{"@type":"ReadAction","target":["https:\/\/gobiernoparroquialsancristobal.gob.ec\/azuay\/rendicion-de-cuentas-presidencia\/"]}]},{"@type":"BreadcrumbList","@id":"https:\/\/gobiernoparroquialsancristobal.gob.ec\/azuay\/rendicion-de-cuentas-presidencia\/#breadcrumb","itemListElement":[{"@type":"ListItem","position":1,"name":"Home","item":"https:\/\/gobiernoparroquialsancristobal.gob.ec\/azuay\/"},{"@type":"ListItem","position":2,"name":"Rendici\u00f3n de cuentas Institucional"}]},{"@type":"WebSite","@id":"https:\/\/gobiernoparroquialsancristobal.gob.ec\/azuay\/#website","url":"https:\/\/gobiernoparroquialsancristobal.gob.ec\/azuay\/","name":"GAD Parroquial de San Cristobal Azuay","description":"Sitio Oficial del GAD Parroquial San Cristobal Azuay","publisher":{"@id":"https:\/\/gobiernoparroquialsancristobal.gob.ec\/azuay\/#organization"},"potentialAction":[{"@type":"SearchAction","target":{"@type":"EntryPoint","urlTemplate":"https:\/\/gobiernoparroquialsancristobal.gob.ec\/azuay\/?s={search_term_string}"},"query-input":{"@type":"PropertyValueSpecification","valueRequired":true,"valueName":"search_term_string"}}],"inLanguage":"es"},{"@type":"Organization","@id":"https:\/\/gobiernoparroquialsancristobal.gob.ec\/azuay\/#organization","name":"GAD Parroquial de San Cristobal Azuay","url":"https:\/\/gobiernoparroquialsancristobal.gob.ec\/azuay\/","logo":{"@type":"ImageObject","inLanguage":"es","@id":"https:\/\/gobiernoparroquialsancristobal.gob.ec\/azuay\/#\/schema\/logo\/image\/","url":"https:\/\/gobiernoparroquialsancristobal.gob.ec\/azuay\/wp-content\/uploads\/2020\/06\/logoFooter.png","contentUrl":"https:\/\/gobiernoparroquialsancristobal.gob.ec\/azuay\/wp-content\/uploads\/2020\/06\/logoFooter.png","width":200,"height":150,"caption":"GAD Parroquial de San Cristobal Azuay"},"image":{"@id":"https:\/\/gobiernoparroquialsancristobal.gob.ec\/azuay\/#\/schema\/logo\/image\/"}}]}},"_links":{"self":[{"href":"https:\/\/gobiernoparroquialsancristobal.gob.ec\/azuay\/wp-json\/wp\/v2\/pages\/1095","targetHints":{"allow":["GET"]}}],"collection":[{"href":"https:\/\/gobiernoparroquialsancristobal.gob.ec\/azuay\/wp-json\/wp\/v2\/pages"}],"about":[{"href":"https:\/\/gobiernoparroquialsancristobal.gob.ec\/azuay\/wp-json\/wp\/v2\/types\/page"}],"author":[{"embeddable":true,"href":"https:\/\/gobiernoparroquialsancristobal.gob.ec\/azuay\/wp-json\/wp\/v2\/users\/6"}],"replies":[{"embeddable":true,"href":"https:\/\/gobiernoparroquialsancristobal.gob.ec\/azuay\/wp-json\/wp\/v2\/comments?post=1095"}],"version-history":[{"count":10,"href":"https:\/\/gobiernoparroquialsancristobal.gob.ec\/azuay\/wp-json\/wp\/v2\/pages\/1095\/revisions"}],"predecessor-version":[{"id":1212,"href":"https:\/\/gobiernoparroquialsancristobal.gob.ec\/azuay\/wp-json\/wp\/v2\/pages\/1095\/revisions\/1212"}],"wp:attachment":[{"href":"https:\/\/gobiernoparroquialsancristobal.gob.ec\/azuay\/wp-json\/wp\/v2\/media?parent=1095"}],"curies":[{"name":"wp","href":"https:\/\/api.w.org\/{rel}","templated":true}]}}