{"id":1103,"date":"2020-10-07T10:51:34","date_gmt":"2020-10-07T14:51:34","guid":{"rendered":"https:\/\/gobiernoparroquialsancristobal.gob.ec\/azuay\/?page_id=1103"},"modified":"2020-11-30T12:06:37","modified_gmt":"2020-11-30T16:06:37","slug":"rendicion-de-cuentas-institucional","status":"publish","type":"page","link":"https:\/\/gobiernoparroquialsancristobal.gob.ec\/azuay\/rendicion-de-cuentas-institucional\/","title":{"rendered":"Rendici\u00f3n de cuentas Institucional"},"content":{"rendered":"<p style=\"text-align: center;\"><strong><span style=\"color: #ff00ff;\">PROCESO DE REDICI\u00d3N DE CUENTAS DEL A\u00d1O 2019<\/span><\/strong><\/p>\n<p>&nbsp;<\/p>\n<p><a href=\"https:\/\/gobiernoparroquialsancristobal.gob.ec\/azuay\/rendicion-de-cuentas-institucional\/convocatoria-formulacion-de-consultas\/\" rel=\"attachment wp-att-1157\">Convocatoria Formulacion de consultas<\/a><\/p>\n<p><a href=\"https:\/\/gobiernoparroquialsancristobal.gob.ec\/azuay\/rendicion-de-cuentas-institucional\/respuestas-a-consultas-ciudadanas\/\" rel=\"attachment wp-att-1173\">Respuestas a Consultas Ciudadanas<\/a><\/p>\n<p><a href=\"https:\/\/gobiernoparroquialsancristobal.gob.ec\/azuay\/rendicion-de-cuentas-institucional\/acta-conformacion-equipo-y-consultas\/\" rel=\"attachment wp-att-1160\">Acta conformacion equipo y consultas<\/a><\/p>\n<p><a href=\"https:\/\/gobiernoparroquialsancristobal.gob.ec\/azuay\/rendicion-de-cuentas-institucional\/acta-aprobacion-informe-rc-2019\/\" rel=\"attachment wp-att-1162\">Acta aprobacion informe RC 2019<\/a><\/p>\n<p><a href=\"https:\/\/gobiernoparroquialsancristobal.gob.ec\/azuay\/rendicion-de-cuentas-institucional\/formulario-rendicion-cuentas-2019\/\" rel=\"attachment wp-att-1176\">Formulario Rendicion Cuentas 2019<\/a><\/p>\n<p><a href=\"https:\/\/gobiernoparroquialsancristobal.gob.ec\/azuay\/rendicion-de-cuentas-institucional\/invitacion-y-registro-de-asistencia-rc-2019\/\" rel=\"attachment wp-att-1164\">Invitacion y Registro de asistencia RC 2019<\/a><\/p>\n<div style=\"text-align: left;\" align=\"center\"><a href=\"\/azuay\/wp-content\/uploads\/2020\/10\/rendiciondecuentas2019.pdf\">Informe Rendicion de Cuentas Institucional 2019<\/a><\/div>\n<div style=\"text-align: left;\" align=\"center\"><\/div>\n<div style=\"text-align: left;\" align=\"center\"><a href=\"https:\/\/gobiernoparroquialsancristobal.gob.ec\/azuay\/rendicion-de-cuentas-institucional\/asambleas-comunitarias-de-priorizacion\/\" rel=\"attachment wp-att-1155\">Asambleas Comunitarias de Priorizacion<\/a><\/div>\n<div align=\"center\"><\/div>\n<div align=\"center\"><\/div>\n<div align=\"center\"><strong><span style=\"color: #ff00ff;\">EVENTO DE RENDICI\u00d3N DE CUENTAS DEL EJERCICIO FISCAL 2019<\/span><\/strong><\/div>\n<div align=\"center\"><\/div>\n<div align=\"center\"><iframe loading=\"lazy\" src=\"\/azuay\/wp-content\/uploads\/2020\/10\/rendiciondecuentas2019_2.mp4\" width=\"960\" height=\"615\" frameborder=\"0\" allowfullscreen=\"allowfullscreen\"><span data-mce-type=\"bookmark\" style=\"display: inline-block; width: 0px; overflow: hidden; line-height: 0;\" class=\"mce_SELRES_start\">\ufeff<\/span><span data-mce-type=\"bookmark\" style=\"display: inline-block; width: 0px; overflow: hidden; line-height: 0;\" class=\"mce_SELRES_start\">\ufeff<\/span><\/iframe><\/div>\n<div align=\"center\"><iframe loading=\"lazy\" src=\"\/azuay\/wp-content\/uploads\/2020\/10\/rendiciondecuentas2019.mp4\" width=\"960\" height=\"615\" frameborder=\"0\" allowfullscreen=\"allowfullscreen\"><span data-mce-type=\"bookmark\" style=\"display: inline-block; width: 0px; overflow: hidden; line-height: 0;\" class=\"mce_SELRES_start\">\ufeff<\/span><\/iframe><\/div>\n","protected":false},"excerpt":{"rendered":"<p>PROCESO DE REDICI\u00d3N DE CUENTAS DEL A\u00d1O 2019 &nbsp; Convocatoria Formulacion de consultas Respuestas a Consultas Ciudadanas Acta conformacion equipo y consultas Acta aprobacion informe RC 2019 Formulario Rendicion Cuentas 2019 Invitacion y Registro de asistencia RC 2019 Informe Rendicion de Cuentas Institucional 2019 Asambleas Comunitarias de Priorizacion EVENTO DE RENDICI\u00d3N DE CUENTAS DEL EJERCICIO [&hellip;]<\/p>\n","protected":false},"author":6,"featured_media":0,"parent":0,"menu_order":0,"comment_status":"closed","ping_status":"closed","template":"","meta":{"footnotes":""},"class_list":["post-1103","page","type-page","status-publish","hentry"],"yoast_head":"<!-- This site is optimized with the Yoast SEO plugin v24.1 - https:\/\/yoast.com\/wordpress\/plugins\/seo\/ -->\n<title>Rendici\u00f3n de cuentas Institucional - GAD Parroquial de San Cristobal<\/title>\n<meta name=\"robots\" content=\"index, follow, max-snippet:-1, max-image-preview:large, max-video-preview:-1\" \/>\n<link rel=\"canonical\" href=\"https:\/\/gobiernoparroquialsancristobal.gob.ec\/azuay\/rendicion-de-cuentas-institucional\/\" \/>\n<meta property=\"og:locale\" content=\"es_ES\" \/>\n<meta property=\"og:type\" content=\"article\" \/>\n<meta property=\"og:title\" content=\"Rendici\u00f3n de cuentas Institucional - GAD Parroquial de San Cristobal\" \/>\n<meta property=\"og:description\" content=\"PROCESO DE REDICI\u00d3N DE CUENTAS DEL A\u00d1O 2019 &nbsp; Convocatoria Formulacion de consultas Respuestas a Consultas Ciudadanas Acta conformacion equipo y consultas Acta aprobacion informe RC 2019 Formulario Rendicion Cuentas 2019 Invitacion y Registro de asistencia RC 2019 Informe Rendicion de Cuentas Institucional 2019 Asambleas Comunitarias de Priorizacion EVENTO DE RENDICI\u00d3N DE CUENTAS DEL EJERCICIO [&hellip;]\" \/>\n<meta property=\"og:url\" content=\"https:\/\/gobiernoparroquialsancristobal.gob.ec\/azuay\/rendicion-de-cuentas-institucional\/\" \/>\n<meta property=\"og:site_name\" content=\"GAD Parroquial de San Cristobal\" \/>\n<meta property=\"article:modified_time\" content=\"2020-11-30T16:06:37+00:00\" \/>\n<meta name=\"twitter:card\" content=\"summary_large_image\" \/>\n<script type=\"application\/ld+json\" class=\"yoast-schema-graph\">{\"@context\":\"https:\/\/schema.org\",\"@graph\":[{\"@type\":\"WebPage\",\"@id\":\"https:\/\/gobiernoparroquialsancristobal.gob.ec\/azuay\/rendicion-de-cuentas-institucional\/\",\"url\":\"https:\/\/gobiernoparroquialsancristobal.gob.ec\/azuay\/rendicion-de-cuentas-institucional\/\",\"name\":\"Rendici\u00f3n de cuentas Institucional - GAD Parroquial de San Cristobal\",\"isPartOf\":{\"@id\":\"https:\/\/gobiernoparroquialsancristobal.gob.ec\/azuay\/#website\"},\"datePublished\":\"2020-10-07T14:51:34+00:00\",\"dateModified\":\"2020-11-30T16:06:37+00:00\",\"breadcrumb\":{\"@id\":\"https:\/\/gobiernoparroquialsancristobal.gob.ec\/azuay\/rendicion-de-cuentas-institucional\/#breadcrumb\"},\"inLanguage\":\"es\",\"potentialAction\":[{\"@type\":\"ReadAction\",\"target\":[\"https:\/\/gobiernoparroquialsancristobal.gob.ec\/azuay\/rendicion-de-cuentas-institucional\/\"]}]},{\"@type\":\"BreadcrumbList\",\"@id\":\"https:\/\/gobiernoparroquialsancristobal.gob.ec\/azuay\/rendicion-de-cuentas-institucional\/#breadcrumb\",\"itemListElement\":[{\"@type\":\"ListItem\",\"position\":1,\"name\":\"Home\",\"item\":\"https:\/\/gobiernoparroquialsancristobal.gob.ec\/azuay\/\"},{\"@type\":\"ListItem\",\"position\":2,\"name\":\"Rendici\u00f3n de cuentas Institucional\"}]},{\"@type\":\"WebSite\",\"@id\":\"https:\/\/gobiernoparroquialsancristobal.gob.ec\/azuay\/#website\",\"url\":\"https:\/\/gobiernoparroquialsancristobal.gob.ec\/azuay\/\",\"name\":\"GAD Parroquial de San Cristobal Azuay\",\"description\":\"Sitio Oficial del GAD Parroquial San Cristobal Azuay\",\"publisher\":{\"@id\":\"https:\/\/gobiernoparroquialsancristobal.gob.ec\/azuay\/#organization\"},\"potentialAction\":[{\"@type\":\"SearchAction\",\"target\":{\"@type\":\"EntryPoint\",\"urlTemplate\":\"https:\/\/gobiernoparroquialsancristobal.gob.ec\/azuay\/?s={search_term_string}\"},\"query-input\":{\"@type\":\"PropertyValueSpecification\",\"valueRequired\":true,\"valueName\":\"search_term_string\"}}],\"inLanguage\":\"es\"},{\"@type\":\"Organization\",\"@id\":\"https:\/\/gobiernoparroquialsancristobal.gob.ec\/azuay\/#organization\",\"name\":\"GAD Parroquial de San Cristobal Azuay\",\"url\":\"https:\/\/gobiernoparroquialsancristobal.gob.ec\/azuay\/\",\"logo\":{\"@type\":\"ImageObject\",\"inLanguage\":\"es\",\"@id\":\"https:\/\/gobiernoparroquialsancristobal.gob.ec\/azuay\/#\/schema\/logo\/image\/\",\"url\":\"https:\/\/gobiernoparroquialsancristobal.gob.ec\/azuay\/wp-content\/uploads\/2020\/06\/logoFooter.png\",\"contentUrl\":\"https:\/\/gobiernoparroquialsancristobal.gob.ec\/azuay\/wp-content\/uploads\/2020\/06\/logoFooter.png\",\"width\":200,\"height\":150,\"caption\":\"GAD Parroquial de San Cristobal Azuay\"},\"image\":{\"@id\":\"https:\/\/gobiernoparroquialsancristobal.gob.ec\/azuay\/#\/schema\/logo\/image\/\"}}]}<\/script>\n<!-- \/ Yoast SEO plugin. -->","yoast_head_json":{"title":"Rendici\u00f3n de cuentas Institucional - GAD Parroquial de San Cristobal","robots":{"index":"index","follow":"follow","max-snippet":"max-snippet:-1","max-image-preview":"max-image-preview:large","max-video-preview":"max-video-preview:-1"},"canonical":"https:\/\/gobiernoparroquialsancristobal.gob.ec\/azuay\/rendicion-de-cuentas-institucional\/","og_locale":"es_ES","og_type":"article","og_title":"Rendici\u00f3n de cuentas Institucional - GAD Parroquial de San Cristobal","og_description":"PROCESO DE REDICI\u00d3N DE CUENTAS DEL A\u00d1O 2019 &nbsp; Convocatoria Formulacion de consultas Respuestas a Consultas Ciudadanas Acta conformacion equipo y consultas Acta aprobacion informe RC 2019 Formulario Rendicion Cuentas 2019 Invitacion y Registro de asistencia RC 2019 Informe Rendicion de Cuentas Institucional 2019 Asambleas Comunitarias de Priorizacion EVENTO DE RENDICI\u00d3N DE CUENTAS DEL EJERCICIO [&hellip;]","og_url":"https:\/\/gobiernoparroquialsancristobal.gob.ec\/azuay\/rendicion-de-cuentas-institucional\/","og_site_name":"GAD Parroquial de San Cristobal","article_modified_time":"2020-11-30T16:06:37+00:00","twitter_card":"summary_large_image","schema":{"@context":"https:\/\/schema.org","@graph":[{"@type":"WebPage","@id":"https:\/\/gobiernoparroquialsancristobal.gob.ec\/azuay\/rendicion-de-cuentas-institucional\/","url":"https:\/\/gobiernoparroquialsancristobal.gob.ec\/azuay\/rendicion-de-cuentas-institucional\/","name":"Rendici\u00f3n de cuentas Institucional - GAD Parroquial de San Cristobal","isPartOf":{"@id":"https:\/\/gobiernoparroquialsancristobal.gob.ec\/azuay\/#website"},"datePublished":"2020-10-07T14:51:34+00:00","dateModified":"2020-11-30T16:06:37+00:00","breadcrumb":{"@id":"https:\/\/gobiernoparroquialsancristobal.gob.ec\/azuay\/rendicion-de-cuentas-institucional\/#breadcrumb"},"inLanguage":"es","potentialAction":[{"@type":"ReadAction","target":["https:\/\/gobiernoparroquialsancristobal.gob.ec\/azuay\/rendicion-de-cuentas-institucional\/"]}]},{"@type":"BreadcrumbList","@id":"https:\/\/gobiernoparroquialsancristobal.gob.ec\/azuay\/rendicion-de-cuentas-institucional\/#breadcrumb","itemListElement":[{"@type":"ListItem","position":1,"name":"Home","item":"https:\/\/gobiernoparroquialsancristobal.gob.ec\/azuay\/"},{"@type":"ListItem","position":2,"name":"Rendici\u00f3n de cuentas Institucional"}]},{"@type":"WebSite","@id":"https:\/\/gobiernoparroquialsancristobal.gob.ec\/azuay\/#website","url":"https:\/\/gobiernoparroquialsancristobal.gob.ec\/azuay\/","name":"GAD Parroquial de San Cristobal Azuay","description":"Sitio Oficial del GAD Parroquial San Cristobal Azuay","publisher":{"@id":"https:\/\/gobiernoparroquialsancristobal.gob.ec\/azuay\/#organization"},"potentialAction":[{"@type":"SearchAction","target":{"@type":"EntryPoint","urlTemplate":"https:\/\/gobiernoparroquialsancristobal.gob.ec\/azuay\/?s={search_term_string}"},"query-input":{"@type":"PropertyValueSpecification","valueRequired":true,"valueName":"search_term_string"}}],"inLanguage":"es"},{"@type":"Organization","@id":"https:\/\/gobiernoparroquialsancristobal.gob.ec\/azuay\/#organization","name":"GAD Parroquial de San Cristobal Azuay","url":"https:\/\/gobiernoparroquialsancristobal.gob.ec\/azuay\/","logo":{"@type":"ImageObject","inLanguage":"es","@id":"https:\/\/gobiernoparroquialsancristobal.gob.ec\/azuay\/#\/schema\/logo\/image\/","url":"https:\/\/gobiernoparroquialsancristobal.gob.ec\/azuay\/wp-content\/uploads\/2020\/06\/logoFooter.png","contentUrl":"https:\/\/gobiernoparroquialsancristobal.gob.ec\/azuay\/wp-content\/uploads\/2020\/06\/logoFooter.png","width":200,"height":150,"caption":"GAD Parroquial de San Cristobal Azuay"},"image":{"@id":"https:\/\/gobiernoparroquialsancristobal.gob.ec\/azuay\/#\/schema\/logo\/image\/"}}]}},"_links":{"self":[{"href":"https:\/\/gobiernoparroquialsancristobal.gob.ec\/azuay\/wp-json\/wp\/v2\/pages\/1103","targetHints":{"allow":["GET"]}}],"collection":[{"href":"https:\/\/gobiernoparroquialsancristobal.gob.ec\/azuay\/wp-json\/wp\/v2\/pages"}],"about":[{"href":"https:\/\/gobiernoparroquialsancristobal.gob.ec\/azuay\/wp-json\/wp\/v2\/types\/page"}],"author":[{"embeddable":true,"href":"https:\/\/gobiernoparroquialsancristobal.gob.ec\/azuay\/wp-json\/wp\/v2\/users\/6"}],"replies":[{"embeddable":true,"href":"https:\/\/gobiernoparroquialsancristobal.gob.ec\/azuay\/wp-json\/wp\/v2\/comments?post=1103"}],"version-history":[{"count":19,"href":"https:\/\/gobiernoparroquialsancristobal.gob.ec\/azuay\/wp-json\/wp\/v2\/pages\/1103\/revisions"}],"predecessor-version":[{"id":1177,"href":"https:\/\/gobiernoparroquialsancristobal.gob.ec\/azuay\/wp-json\/wp\/v2\/pages\/1103\/revisions\/1177"}],"wp:attachment":[{"href":"https:\/\/gobiernoparroquialsancristobal.gob.ec\/azuay\/wp-json\/wp\/v2\/media?parent=1103"}],"curies":[{"name":"wp","href":"https:\/\/api.w.org\/{rel}","templated":true}]}}