{"id":1358,"date":"2022-05-30T09:14:25","date_gmt":"2022-05-30T13:14:25","guid":{"rendered":"https:\/\/gobiernoparroquialsancristobal.gob.ec\/azuay\/?page_id=1358"},"modified":"2023-06-30T11:37:28","modified_gmt":"2023-06-30T15:37:28","slug":"rendicion-de-cuentas-institucional-3","status":"publish","type":"page","link":"https:\/\/gobiernoparroquialsancristobal.gob.ec\/azuay\/rendicion-de-cuentas-institucional-3\/","title":{"rendered":"Rendici\u00f3n de cuentas Institucional"},"content":{"rendered":"<ul>\n<li><a href=\"https:\/\/gobiernoparroquialsancristobal.gob.ec\/azuay\/wp-content\/uploads\/2023\/06\/cedula-de-gastos.pdf\">cedula de gastos<\/a><\/li>\n<li><a href=\"https:\/\/gobiernoparroquialsancristobal.gob.ec\/azuay\/wp-content\/uploads\/2023\/06\/cedula-de-ingresos.pdf\">cedula de ingresos<\/a><\/li>\n<li><a href=\"https:\/\/gobiernoparroquialsancristobal.gob.ec\/azuay\/wp-content\/uploads\/2023\/06\/presentacion-rendicion-de-cuentas-2022.pptx\">presentacion rendicion de cuentas 2022<\/a><\/li>\n<li><a href=\"https:\/\/gobiernoparroquialsancristobal.gob.ec\/azuay\/wp-content\/uploads\/2023\/06\/proyecto-adquisicion-de-bienes-muebles-para-el-gad.pdf\">proyecto adquisicion de bienes muebles para el gad<\/a><\/li>\n<li><a href=\"https:\/\/gobiernoparroquialsancristobal.gob.ec\/azuay\/wp-content\/uploads\/2023\/06\/proyecto-de-ampliacion-de-nichos-en-el-cementerio-parroquial.pdf\">proyecto de ampliacion de nichos en el cementerio parroquial<\/a><\/li>\n<li><a href=\"https:\/\/gobiernoparroquialsancristobal.gob.ec\/azuay\/wp-content\/uploads\/2023\/06\/proyecto-de-construccion-de-areas-de-recreacion-en-pastopamba.pdf\">proyecto de construccion de areas de recreacion en pastopamba<\/a><\/li>\n<li><a href=\"https:\/\/gobiernoparroquialsancristobal.gob.ec\/azuay\/wp-content\/uploads\/2023\/06\/proyecto-de-legalizacion-de-predios-de-uso-publico.pdf\">proyecto de legalizacion de predios de uso publico<\/a><\/li>\n<li><a href=\"https:\/\/gobiernoparroquialsancristobal.gob.ec\/azuay\/wp-content\/uploads\/2023\/06\/proyecto-de-mantenimiento-de-vias-intercomunitarias-y-caminos-locales.pdf\">proyecto de mantenimiento de vias intercomunitarias y caminos locales<\/a><\/li>\n<li><a href=\"https:\/\/gobiernoparroquialsancristobal.gob.ec\/azuay\/wp-content\/uploads\/2023\/06\/proyecto-de-mejoramiento-de-la-economia-campesina-de-los-productores.pdf\">proyecto de mejoramiento de la economia campesina de los productores<\/a><\/li>\n<li><a href=\"https:\/\/gobiernoparroquialsancristobal.gob.ec\/azuay\/wp-content\/uploads\/2023\/06\/proyecto-fomento-de-portivo-san-cristobal.pdf\">proyecto fomento de portivo san cristobal<\/a><\/li>\n<li><a href=\"https:\/\/gobiernoparroquialsancristobal.gob.ec\/azuay\/wp-content\/uploads\/2023\/06\/proyecto-formacion-ciudadana-sobre-gestion-y-administracion-del-gad.pdf\">proyecto formacion ciudadana sobre gestion y administracion del gad<\/a><\/li>\n<li><a href=\"https:\/\/gobiernoparroquialsancristobal.gob.ec\/azuay\/wp-content\/uploads\/2023\/06\/proyecto-fortalecimiento-cultural-de-la-parroquia.pdf\">proyecto fortalecimiento cultural de la parroquia<\/a><\/li>\n<li><a href=\"https:\/\/gobiernoparroquialsancristobal.gob.ec\/azuay\/wp-content\/uploads\/2023\/06\/proyecto-integracion-y-atencion-a-grupos-prioritarios.pdf\">proyecto integraci\u00f3n y atenci\u00f3n a grupos prioritarios<\/a><\/li>\n<li><a href=\"https:\/\/gobiernoparroquialsancristobal.gob.ec\/azuay\/wp-content\/uploads\/2023\/06\/proyecto-limpieza-mantenmiento-de-espacio-publicos.pdf\">proyecto limpieza mantenmiento de espacio publicos<\/a><\/li>\n<li><a href=\"https:\/\/gobiernoparroquialsancristobal.gob.ec\/azuay\/wp-content\/uploads\/2023\/06\/proyecto-mantenimiento-vial-delegado-2021.pdf\">proyecto mantenimiento vial delegado 2021<\/a><\/li>\n<li><a href=\"https:\/\/gobiernoparroquialsancristobal.gob.ec\/azuay\/wp-content\/uploads\/2023\/06\/proyecto-mejoramiento-de-pastos-y-siembra-de-plantas-frutales-en-tuzhpo-sulcay.pdf\">proyecto mejoramiento de pastos y siembra de plantas frutales en tuzhpo &#8211; sulcay<\/a><\/li>\n<li><a href=\"https:\/\/gobiernoparroquialsancristobal.gob.ec\/azuay\/wp-content\/uploads\/2023\/06\/Registro-de-asistencia-de-los-miembros-del-gobierno-parroquial-consultas-ciudadanas-en-el-proceso-de-rendicion-de-cuentas.pdf\">Registro de asistencia de los miembros del gobierno parroquial consultas ciudadanas en el proceso de rendici\u00f3n de cuentas<\/a><\/li>\n<li><a href=\"https:\/\/gobiernoparroquialsancristobal.gob.ec\/azuay\/wp-content\/uploads\/2023\/06\/Registro-de-asistencia-del-evento-de-la-deliberacion-publica-de-rendicion-de-cuentas.pdf\">Registro de asistencia del evento de la deliberaci\u00f3n p\u00fablica de rendici\u00f3n de cuentas<\/a><\/li>\n<li><a href=\"https:\/\/gobiernoparroquialsancristobal.gob.ec\/azuay\/wp-content\/uploads\/2023\/06\/Registro-de-oficios-circulares-entregados.pdf\">Registro de oficios circulares entregados<\/a><\/li>\n<li><a href=\"https:\/\/gobiernoparroquialsancristobal.gob.ec\/azuay\/wp-content\/uploads\/2023\/06\/Respuestas-a-la-consulta-ciudadana-2022.pdf\">Respuestas a la consulta ciudadana 2022<\/a><\/li>\n<li><a href=\"https:\/\/gobiernoparroquialsancristobal.gob.ec\/azuay\/wp-content\/uploads\/2023\/06\/RESPALDO-DE-LA-ADMINISTRACION.xlsx\">COTRATACIONES 2022<\/a><\/li>\n<li><a href=\"https:\/\/gobiernoparroquialsancristobal.gob.ec\/azuay\/wp-content\/uploads\/2023\/06\/REPORTE-INFIMA-CUANTIA-2022.pdf\">REPORTE INFIMA CUANTIA 2022<\/a><\/li>\n<\/ul>\n","protected":false},"excerpt":{"rendered":"<p>cedula de gastos cedula de ingresos presentacion rendicion de cuentas 2022 proyecto adquisicion de bienes muebles para el gad proyecto de ampliacion de nichos en el cementerio parroquial proyecto de construccion de areas de recreacion en pastopamba proyecto de legalizacion de predios de uso publico proyecto de mantenimiento de vias intercomunitarias y caminos locales proyecto [&hellip;]<\/p>\n","protected":false},"author":6,"featured_media":0,"parent":0,"menu_order":0,"comment_status":"closed","ping_status":"closed","template":"","meta":{"footnotes":""},"class_list":["post-1358","page","type-page","status-publish","hentry"],"yoast_head":"<!-- This site is optimized with the Yoast SEO plugin v24.1 - https:\/\/yoast.com\/wordpress\/plugins\/seo\/ -->\n<title>Rendici\u00f3n de cuentas Institucional - GAD Parroquial de San Cristobal<\/title>\n<meta name=\"robots\" content=\"index, follow, max-snippet:-1, max-image-preview:large, max-video-preview:-1\" \/>\n<link rel=\"canonical\" href=\"https:\/\/gobiernoparroquialsancristobal.gob.ec\/azuay\/rendicion-de-cuentas-institucional-3\/\" \/>\n<meta property=\"og:locale\" content=\"es_ES\" \/>\n<meta property=\"og:type\" content=\"article\" \/>\n<meta property=\"og:title\" content=\"Rendici\u00f3n de cuentas Institucional - GAD Parroquial de San Cristobal\" \/>\n<meta property=\"og:description\" content=\"cedula de gastos cedula de ingresos presentacion rendicion de cuentas 2022 proyecto adquisicion de bienes muebles para el gad proyecto de ampliacion de nichos en el cementerio parroquial proyecto de construccion de areas de recreacion en pastopamba proyecto de legalizacion de predios de uso publico proyecto de mantenimiento de vias intercomunitarias y caminos locales proyecto [&hellip;]\" \/>\n<meta property=\"og:url\" content=\"https:\/\/gobiernoparroquialsancristobal.gob.ec\/azuay\/rendicion-de-cuentas-institucional-3\/\" \/>\n<meta property=\"og:site_name\" content=\"GAD Parroquial de San Cristobal\" \/>\n<meta property=\"article:modified_time\" content=\"2023-06-30T15:37:28+00:00\" \/>\n<meta name=\"twitter:card\" content=\"summary_large_image\" \/>\n<meta name=\"twitter:label1\" content=\"Tiempo de lectura\" \/>\n\t<meta name=\"twitter:data1\" content=\"1 minuto\" \/>\n<script type=\"application\/ld+json\" class=\"yoast-schema-graph\">{\"@context\":\"https:\/\/schema.org\",\"@graph\":[{\"@type\":\"WebPage\",\"@id\":\"https:\/\/gobiernoparroquialsancristobal.gob.ec\/azuay\/rendicion-de-cuentas-institucional-3\/\",\"url\":\"https:\/\/gobiernoparroquialsancristobal.gob.ec\/azuay\/rendicion-de-cuentas-institucional-3\/\",\"name\":\"Rendici\u00f3n de cuentas Institucional - GAD Parroquial de San Cristobal\",\"isPartOf\":{\"@id\":\"https:\/\/gobiernoparroquialsancristobal.gob.ec\/azuay\/#website\"},\"datePublished\":\"2022-05-30T13:14:25+00:00\",\"dateModified\":\"2023-06-30T15:37:28+00:00\",\"breadcrumb\":{\"@id\":\"https:\/\/gobiernoparroquialsancristobal.gob.ec\/azuay\/rendicion-de-cuentas-institucional-3\/#breadcrumb\"},\"inLanguage\":\"es\",\"potentialAction\":[{\"@type\":\"ReadAction\",\"target\":[\"https:\/\/gobiernoparroquialsancristobal.gob.ec\/azuay\/rendicion-de-cuentas-institucional-3\/\"]}]},{\"@type\":\"BreadcrumbList\",\"@id\":\"https:\/\/gobiernoparroquialsancristobal.gob.ec\/azuay\/rendicion-de-cuentas-institucional-3\/#breadcrumb\",\"itemListElement\":[{\"@type\":\"ListItem\",\"position\":1,\"name\":\"Home\",\"item\":\"https:\/\/gobiernoparroquialsancristobal.gob.ec\/azuay\/\"},{\"@type\":\"ListItem\",\"position\":2,\"name\":\"Rendici\u00f3n de cuentas Institucional\"}]},{\"@type\":\"WebSite\",\"@id\":\"https:\/\/gobiernoparroquialsancristobal.gob.ec\/azuay\/#website\",\"url\":\"https:\/\/gobiernoparroquialsancristobal.gob.ec\/azuay\/\",\"name\":\"GAD Parroquial de San Cristobal Azuay\",\"description\":\"Sitio Oficial del GAD Parroquial San Cristobal Azuay\",\"publisher\":{\"@id\":\"https:\/\/gobiernoparroquialsancristobal.gob.ec\/azuay\/#organization\"},\"potentialAction\":[{\"@type\":\"SearchAction\",\"target\":{\"@type\":\"EntryPoint\",\"urlTemplate\":\"https:\/\/gobiernoparroquialsancristobal.gob.ec\/azuay\/?s={search_term_string}\"},\"query-input\":{\"@type\":\"PropertyValueSpecification\",\"valueRequired\":true,\"valueName\":\"search_term_string\"}}],\"inLanguage\":\"es\"},{\"@type\":\"Organization\",\"@id\":\"https:\/\/gobiernoparroquialsancristobal.gob.ec\/azuay\/#organization\",\"name\":\"GAD Parroquial de San Cristobal Azuay\",\"url\":\"https:\/\/gobiernoparroquialsancristobal.gob.ec\/azuay\/\",\"logo\":{\"@type\":\"ImageObject\",\"inLanguage\":\"es\",\"@id\":\"https:\/\/gobiernoparroquialsancristobal.gob.ec\/azuay\/#\/schema\/logo\/image\/\",\"url\":\"https:\/\/gobiernoparroquialsancristobal.gob.ec\/azuay\/wp-content\/uploads\/2020\/06\/logoFooter.png\",\"contentUrl\":\"https:\/\/gobiernoparroquialsancristobal.gob.ec\/azuay\/wp-content\/uploads\/2020\/06\/logoFooter.png\",\"width\":200,\"height\":150,\"caption\":\"GAD Parroquial de San Cristobal Azuay\"},\"image\":{\"@id\":\"https:\/\/gobiernoparroquialsancristobal.gob.ec\/azuay\/#\/schema\/logo\/image\/\"}}]}<\/script>\n<!-- \/ Yoast SEO plugin. -->","yoast_head_json":{"title":"Rendici\u00f3n de cuentas Institucional - GAD Parroquial de San Cristobal","robots":{"index":"index","follow":"follow","max-snippet":"max-snippet:-1","max-image-preview":"max-image-preview:large","max-video-preview":"max-video-preview:-1"},"canonical":"https:\/\/gobiernoparroquialsancristobal.gob.ec\/azuay\/rendicion-de-cuentas-institucional-3\/","og_locale":"es_ES","og_type":"article","og_title":"Rendici\u00f3n de cuentas Institucional - GAD Parroquial de San Cristobal","og_description":"cedula de gastos cedula de ingresos presentacion rendicion de cuentas 2022 proyecto adquisicion de bienes muebles para el gad proyecto de ampliacion de nichos en el cementerio parroquial proyecto de construccion de areas de recreacion en pastopamba proyecto de legalizacion de predios de uso publico proyecto de mantenimiento de vias intercomunitarias y caminos locales proyecto [&hellip;]","og_url":"https:\/\/gobiernoparroquialsancristobal.gob.ec\/azuay\/rendicion-de-cuentas-institucional-3\/","og_site_name":"GAD Parroquial de San Cristobal","article_modified_time":"2023-06-30T15:37:28+00:00","twitter_card":"summary_large_image","twitter_misc":{"Tiempo de lectura":"1 minuto"},"schema":{"@context":"https:\/\/schema.org","@graph":[{"@type":"WebPage","@id":"https:\/\/gobiernoparroquialsancristobal.gob.ec\/azuay\/rendicion-de-cuentas-institucional-3\/","url":"https:\/\/gobiernoparroquialsancristobal.gob.ec\/azuay\/rendicion-de-cuentas-institucional-3\/","name":"Rendici\u00f3n de cuentas Institucional - GAD Parroquial de San Cristobal","isPartOf":{"@id":"https:\/\/gobiernoparroquialsancristobal.gob.ec\/azuay\/#website"},"datePublished":"2022-05-30T13:14:25+00:00","dateModified":"2023-06-30T15:37:28+00:00","breadcrumb":{"@id":"https:\/\/gobiernoparroquialsancristobal.gob.ec\/azuay\/rendicion-de-cuentas-institucional-3\/#breadcrumb"},"inLanguage":"es","potentialAction":[{"@type":"ReadAction","target":["https:\/\/gobiernoparroquialsancristobal.gob.ec\/azuay\/rendicion-de-cuentas-institucional-3\/"]}]},{"@type":"BreadcrumbList","@id":"https:\/\/gobiernoparroquialsancristobal.gob.ec\/azuay\/rendicion-de-cuentas-institucional-3\/#breadcrumb","itemListElement":[{"@type":"ListItem","position":1,"name":"Home","item":"https:\/\/gobiernoparroquialsancristobal.gob.ec\/azuay\/"},{"@type":"ListItem","position":2,"name":"Rendici\u00f3n de cuentas Institucional"}]},{"@type":"WebSite","@id":"https:\/\/gobiernoparroquialsancristobal.gob.ec\/azuay\/#website","url":"https:\/\/gobiernoparroquialsancristobal.gob.ec\/azuay\/","name":"GAD Parroquial de San Cristobal Azuay","description":"Sitio Oficial del GAD Parroquial San Cristobal Azuay","publisher":{"@id":"https:\/\/gobiernoparroquialsancristobal.gob.ec\/azuay\/#organization"},"potentialAction":[{"@type":"SearchAction","target":{"@type":"EntryPoint","urlTemplate":"https:\/\/gobiernoparroquialsancristobal.gob.ec\/azuay\/?s={search_term_string}"},"query-input":{"@type":"PropertyValueSpecification","valueRequired":true,"valueName":"search_term_string"}}],"inLanguage":"es"},{"@type":"Organization","@id":"https:\/\/gobiernoparroquialsancristobal.gob.ec\/azuay\/#organization","name":"GAD Parroquial de San Cristobal Azuay","url":"https:\/\/gobiernoparroquialsancristobal.gob.ec\/azuay\/","logo":{"@type":"ImageObject","inLanguage":"es","@id":"https:\/\/gobiernoparroquialsancristobal.gob.ec\/azuay\/#\/schema\/logo\/image\/","url":"https:\/\/gobiernoparroquialsancristobal.gob.ec\/azuay\/wp-content\/uploads\/2020\/06\/logoFooter.png","contentUrl":"https:\/\/gobiernoparroquialsancristobal.gob.ec\/azuay\/wp-content\/uploads\/2020\/06\/logoFooter.png","width":200,"height":150,"caption":"GAD Parroquial de San Cristobal Azuay"},"image":{"@id":"https:\/\/gobiernoparroquialsancristobal.gob.ec\/azuay\/#\/schema\/logo\/image\/"}}]}},"_links":{"self":[{"href":"https:\/\/gobiernoparroquialsancristobal.gob.ec\/azuay\/wp-json\/wp\/v2\/pages\/1358","targetHints":{"allow":["GET"]}}],"collection":[{"href":"https:\/\/gobiernoparroquialsancristobal.gob.ec\/azuay\/wp-json\/wp\/v2\/pages"}],"about":[{"href":"https:\/\/gobiernoparroquialsancristobal.gob.ec\/azuay\/wp-json\/wp\/v2\/types\/page"}],"author":[{"embeddable":true,"href":"https:\/\/gobiernoparroquialsancristobal.gob.ec\/azuay\/wp-json\/wp\/v2\/users\/6"}],"replies":[{"embeddable":true,"href":"https:\/\/gobiernoparroquialsancristobal.gob.ec\/azuay\/wp-json\/wp\/v2\/comments?post=1358"}],"version-history":[{"count":6,"href":"https:\/\/gobiernoparroquialsancristobal.gob.ec\/azuay\/wp-json\/wp\/v2\/pages\/1358\/revisions"}],"predecessor-version":[{"id":1514,"href":"https:\/\/gobiernoparroquialsancristobal.gob.ec\/azuay\/wp-json\/wp\/v2\/pages\/1358\/revisions\/1514"}],"wp:attachment":[{"href":"https:\/\/gobiernoparroquialsancristobal.gob.ec\/azuay\/wp-json\/wp\/v2\/media?parent=1358"}],"curies":[{"name":"wp","href":"https:\/\/api.w.org\/{rel}","templated":true}]}}