{"id":2068,"date":"2025-01-05T18:16:52","date_gmt":"2025-01-05T18:16:52","guid":{"rendered":"https:\/\/gobiernoparroquialsancristobal.gob.ec\/azuay\/?page_id=2068"},"modified":"2025-08-14T14:02:24","modified_gmt":"2025-08-14T18:02:24","slug":"rendicion-de-cuentas-2025","status":"publish","type":"page","link":"https:\/\/gobiernoparroquialsancristobal.gob.ec\/azuay\/rendicion-de-cuentas-2025\/","title":{"rendered":"Rendici\u00f3n de Cuentas 2025"},"content":{"rendered":"<details>\n<summary><strong>FASE 1: PLANIFICACI\u00d3N DEL PROCESO<\/strong><\/summary>\n<p>  <strong>Documentaci\u00f3n Preparatoria<\/strong><\/p>\n<ul>\n<li><a href=\"https:\/\/gobiernoparroquialsancristobal.gob.ec\/azuay\/wp-content\/uploads\/2025\/05\/PDyOT.pdf\" target=\"_blank\">PDyOT<\/a><\/li>\n<li><a href=\"https:\/\/gobiernoparroquialsancristobal.gob.ec\/azuay\/wp-content\/uploads\/2025\/05\/VOCALES-DE-JUNTAS-PARROQUIALES-PAUTE-BONITO-Plan-Trabajo.pdf\" target=\"_blank\">VOCALES-DE-JUNTAS-PARROQUIALES-PAUTE-BONITO-Plan-Trabajo<\/a><\/li>\n<li><a href=\"https:\/\/gobiernoparroquialsancristobal.gob.ec\/azuay\/wp-content\/uploads\/2025\/05\/POA-2024-1.pdf\" target=\"_blank\">POA 2024<\/a><\/li>\n<li><a href=\"https:\/\/gobiernoparroquialsancristobal.gob.ec\/azuay\/wp-content\/uploads\/2025\/05\/pac_ush_pac_vistapac_sinesigef.pdf\" target=\"_blank\">PAC 2024<\/a><\/li>\n<\/ul>\n<\/details>\n<details>\n<summary><strong>FASE 2: EVALUACI\u00d3N DE LA GESTI\u00d3N<\/strong><\/summary>\n<ul>\n<li><a href=\"https:\/\/gobiernoparroquialsancristobal.gob.ec\/azuay\/wp-content\/uploads\/2025\/06\/acta-de-aprobacion-del-informe034.pdf\">Acta de aprobaci\u00f3n del informe<\/a><\/li>\n<li><a href=\"https:\/\/gobiernoparroquialsancristobal.gob.ec\/azuay\/wp-content\/uploads\/2025\/06\/planificacion-y-equipo-tecnico.pdf\">Planificaci\u00f3n y equipo t\u00e9cnico<\/a><\/li>\n<li><a href=\"https:\/\/gobiernoparroquialsancristobal.gob.ec\/azuay\/wp-content\/uploads\/2025\/06\/INFORME-ECONOMICO.pdf\">Informe Economico<\/a><\/li>\n<li><a href=\"https:\/\/gobiernoparroquialsancristobal.gob.ec\/azuay\/wp-content\/uploads\/2025\/06\/cedula-ingresos-2024.pdf\">Cedula de Ingresos 2024<\/a><\/li>\n<li><a href=\"https:\/\/gobiernoparroquialsancristobal.gob.ec\/azuay\/wp-content\/uploads\/2025\/06\/cedulagastos2024.pdf\">Cedula de gastos2024<\/a><\/li>\n<li><a href=\"https:\/\/gobiernoparroquialsancristobal.gob.ec\/azuay\/wp-content\/uploads\/2025\/06\/GASTOS-PROYECTOS-DE-INVERSION.pdf\">Gastos proyectos de inversi\u00f3n<\/a><\/li>\n<li><a href=\"https:\/\/gobiernoparroquialsancristobal.gob.ec\/azuay\/wp-content\/uploads\/2025\/06\/RESPUESTAS-A-LA-CONSULTA-CIUDADANA-2024-signed-1.pdf\">Contestaci\u00f3n a la Consulta Ciudadana<\/a><\/li>\n<\/ul>\n<\/details>\n<details>\n<summary><strong>FASE 3: DELIBERACI\u00d3N PUBLICA<\/strong><\/summary>\n<ul>\n<li><a href=\"https:\/\/gobiernoparroquialsancristobal.gob.ec\/azuay\/wp-content\/uploads\/2025\/06\/OFICIO-CIRCULAR-rendicion-signed.pdf\">INVITACI\u00d3N A LA ASAMBLEA PARROQUIAL PARA LA DELIBERACI\u00d3N PUBLICA<\/a><\/li>\n<li><img loading=\"lazy\" decoding=\"async\" src=\"https:\/\/gobiernoparroquialsancristobal.gob.ec\/azuay\/wp-content\/uploads\/2025\/06\/INVITACION-550x309.jpg\" alt=\"\" width=\"550\" height=\"309\" class=\"alignnone size-medium wp-image-2108\" srcset=\"https:\/\/gobiernoparroquialsancristobal.gob.ec\/azuay\/wp-content\/uploads\/2025\/06\/INVITACION-550x309.jpg 550w, https:\/\/gobiernoparroquialsancristobal.gob.ec\/azuay\/wp-content\/uploads\/2025\/06\/INVITACION-1024x576.jpg 1024w, https:\/\/gobiernoparroquialsancristobal.gob.ec\/azuay\/wp-content\/uploads\/2025\/06\/INVITACION-768x432.jpg 768w, https:\/\/gobiernoparroquialsancristobal.gob.ec\/azuay\/wp-content\/uploads\/2025\/06\/INVITACION.jpg 1280w\" sizes=\"auto, (max-width: 550px) 100vw, 550px\" \/><\/li>\n<li><a href=\"https:\/\/gobiernoparroquialsancristobal.gob.ec\/azuay\/wp-content\/uploads\/2025\/08\/registro-de-asistencia-rendicion-de-cuentas040.pdf\">Registro de asistencia rendici\u00f3n de cuentas<\/a><\/li>\n<\/ul>\n<\/details>\n<details>\n<summary><strong>FASE 4: ENTREGA DEL INFORME AL CPCCS<\/strong><\/summary>\n<ul>\n<li><a href=\"https:\/\/gobiernoparroquialsancristobal.gob.ec\/azuay\/wp-content\/uploads\/2025\/08\/VOCALES-DE-JUNTAS-PARROQUIALES-PAUTE-BONITO-Plan-Trabajo.pdf\">Plan de trabajo<\/a><\/li>\n<li><a href=\"https:\/\/gobiernoparroquialsancristobal.gob.ec\/azuay\/wp-content\/uploads\/2025\/08\/verifiacion-fotografica.pdf\">Verifiaci\u00f3n fotogr\u00e1fica<\/a><\/li>\n<li><a href=\"https:\/\/gobiernoparroquialsancristobal.gob.ec\/azuay\/wp-content\/uploads\/2025\/08\/ReporteInformeGad.pdf\">Informe rendici\u00f3n cuentas<\/a><\/li>\n<\/ul>\n<\/details>\n<h1 style=\"text-align: center;\">Rendici\u00f3n de cuentas autoridades<\/h1>\n<div class=\"su-accordion su-u-trim\"><\/div><div class=\"su-spoiler su-spoiler-style-default su-spoiler-icon-plus su-spoiler-closed\" data-scroll-offset=\"0\" data-anchor-in-url=\"no\"><div class=\"su-spoiler-title\" tabindex=\"0\" role=\"button\"><span class=\"su-spoiler-icon\"><\/span>Ing. Mauricio Orellana<\/div><div class=\"su-spoiler-content su-u-clearfix su-u-trim\">\n<ul>\n<li><a href=\"https:\/\/gobiernoparroquialsancristobal.gob.ec\/azuay\/wp-content\/uploads\/2025\/07\/Presentacion-Ultima.pptx\">Presentaci\u00f3n<\/a><\/li>\n<\/div><\/div>\n<div class=\"su-accordion su-u-trim\"><\/div><div class=\"su-spoiler su-spoiler-style-default su-spoiler-icon-plus su-spoiler-closed\" data-scroll-offset=\"0\" data-anchor-in-url=\"no\"><div class=\"su-spoiler-title\" tabindex=\"0\" role=\"button\"><span class=\"su-spoiler-icon\"><\/span>Sra. Nelida Tacuri<\/div><div class=\"su-spoiler-content su-u-clearfix su-u-trim\">\n<ul>\n<li><a href=\"https:\/\/gobiernoparroquialsancristobal.gob.ec\/azuay\/wp-content\/uploads\/2025\/07\/rendicion-2024-Nelida-Tacuri.pdf\">Presentaci\u00f3n<\/a><\/li>\n<\/div><\/div>\n<div class=\"su-accordion su-u-trim\"><\/div><div class=\"su-spoiler su-spoiler-style-default su-spoiler-icon-plus su-spoiler-closed\" data-scroll-offset=\"0\" data-anchor-in-url=\"no\"><div class=\"su-spoiler-title\" tabindex=\"0\" role=\"button\"><span class=\"su-spoiler-icon\"><\/span>Ing. Soraya Le\u00f3n<\/div><div class=\"su-spoiler-content su-u-clearfix su-u-trim\">\n<ul>\n<li><a href=\"https:\/\/gobiernoparroquialsancristobal.gob.ec\/azuay\/wp-content\/uploads\/2025\/07\/RENDICION-CUENTAS-SORAYA-2025.pptx\">Presentaci\u00f3n<\/a><\/li>\n<\/div><\/div>\n<div class=\"su-accordion su-u-trim\"><\/div><div class=\"su-spoiler su-spoiler-style-default su-spoiler-icon-plus su-spoiler-closed\" data-scroll-offset=\"0\" data-anchor-in-url=\"no\"><div class=\"su-spoiler-title\" tabindex=\"0\" role=\"button\"><span class=\"su-spoiler-icon\"><\/span>Arq. Marisol Su\u00e1rez<\/div><div class=\"su-spoiler-content su-u-clearfix su-u-trim\">\n<ul>\n<li><a href=\"https:\/\/gobiernoparroquialsancristobal.gob.ec\/azuay\/wp-content\/uploads\/2025\/07\/RENDICION-DE-CUENTAS-MARISOL-2024.pdf\">Presentaci\u00f3n<\/a><\/li>\n<\/div><\/div>\n<div class=\"su-accordion su-u-trim\"><\/div><div class=\"su-spoiler su-spoiler-style-default su-spoiler-icon-plus su-spoiler-closed\" data-scroll-offset=\"0\" data-anchor-in-url=\"no\"><div class=\"su-spoiler-title\" tabindex=\"0\" role=\"button\"><span class=\"su-spoiler-icon\"><\/span>Sra. Lucia Guapacasa<\/div><div class=\"su-spoiler-content su-u-clearfix su-u-trim\">\n<ul>\n<li><a href=\"https:\/\/gobiernoparroquialsancristobal.gob.ec\/azuay\/wp-content\/uploads\/2025\/07\/RENDICION-DE-CUENTAS-LUCIA-GUAPACASA-2024.pptx\">Presentaci\u00f3n<\/a><\/li>\n<\/div><\/div>\n<div class=\"su-accordion su-u-trim\"><\/div><div class=\"su-spoiler su-spoiler-style-default su-spoiler-icon-plus su-spoiler-closed\" data-scroll-offset=\"0\" data-anchor-in-url=\"no\"><div class=\"su-spoiler-title\" tabindex=\"0\" role=\"button\"><span class=\"su-spoiler-icon\"><\/span>Tnlg. Nestor Caiminagua<\/div><div class=\"su-spoiler-content su-u-clearfix su-u-trim\">\n<ul>\n<li><a href=\"https:\/\/gobiernoparroquialsancristobal.gob.ec\/azuay\/wp-content\/uploads\/2025\/07\/NESTOR-RENDICION-2024.pptx\">Presentaci\u00f3n<\/a><\/li>\n<\/div><\/div>\n","protected":false},"excerpt":{"rendered":"<p>FASE 1: PLANIFICACI\u00d3N DEL PROCESO Documentaci\u00f3n Preparatoria PDyOT VOCALES-DE-JUNTAS-PARROQUIALES-PAUTE-BONITO-Plan-Trabajo POA 2024 PAC 2024 FASE 2: EVALUACI\u00d3N DE LA GESTI\u00d3N Acta de aprobaci\u00f3n del informe Planificaci\u00f3n y equipo t\u00e9cnico Informe Economico Cedula de Ingresos 2024 Cedula de gastos2024 Gastos proyectos de inversi\u00f3n Contestaci\u00f3n a la Consulta Ciudadana FASE 3: DELIBERACI\u00d3N PUBLICA INVITACI\u00d3N A LA ASAMBLEA PARROQUIAL [&hellip;]<\/p>\n","protected":false},"author":6,"featured_media":0,"parent":0,"menu_order":0,"comment_status":"closed","ping_status":"closed","template":"","meta":{"footnotes":""},"class_list":["post-2068","page","type-page","status-publish","hentry"],"yoast_head":"<!-- This site is optimized with the Yoast SEO plugin v24.1 - https:\/\/yoast.com\/wordpress\/plugins\/seo\/ -->\n<title>Rendici\u00f3n de Cuentas 2025 - GAD Parroquial de San Cristobal<\/title>\n<meta name=\"robots\" content=\"index, follow, max-snippet:-1, max-image-preview:large, max-video-preview:-1\" \/>\n<link rel=\"canonical\" href=\"https:\/\/gobiernoparroquialsancristobal.gob.ec\/azuay\/rendicion-de-cuentas-2025\/\" \/>\n<meta property=\"og:locale\" content=\"es_ES\" \/>\n<meta property=\"og:type\" content=\"article\" \/>\n<meta property=\"og:title\" content=\"Rendici\u00f3n de Cuentas 2025 - GAD Parroquial de San Cristobal\" \/>\n<meta property=\"og:description\" content=\"FASE 1: PLANIFICACI\u00d3N DEL PROCESO Documentaci\u00f3n Preparatoria PDyOT VOCALES-DE-JUNTAS-PARROQUIALES-PAUTE-BONITO-Plan-Trabajo POA 2024 PAC 2024 FASE 2: EVALUACI\u00d3N DE LA GESTI\u00d3N Acta de aprobaci\u00f3n del informe Planificaci\u00f3n y equipo t\u00e9cnico Informe Economico Cedula de Ingresos 2024 Cedula de gastos2024 Gastos proyectos de inversi\u00f3n Contestaci\u00f3n a la Consulta Ciudadana FASE 3: DELIBERACI\u00d3N PUBLICA INVITACI\u00d3N A LA ASAMBLEA PARROQUIAL [&hellip;]\" \/>\n<meta property=\"og:url\" content=\"https:\/\/gobiernoparroquialsancristobal.gob.ec\/azuay\/rendicion-de-cuentas-2025\/\" \/>\n<meta property=\"og:site_name\" content=\"GAD Parroquial de San Cristobal\" \/>\n<meta property=\"article:modified_time\" content=\"2025-08-14T18:02:24+00:00\" \/>\n<meta property=\"og:image\" content=\"https:\/\/gobiernoparroquialsancristobal.gob.ec\/azuay\/wp-content\/uploads\/2025\/06\/INVITACION.jpg\" \/>\n\t<meta property=\"og:image:width\" content=\"1280\" \/>\n\t<meta property=\"og:image:height\" content=\"720\" \/>\n\t<meta property=\"og:image:type\" content=\"image\/jpeg\" \/>\n<meta name=\"twitter:card\" content=\"summary_large_image\" \/>\n<meta name=\"twitter:label1\" content=\"Tiempo de lectura\" \/>\n\t<meta name=\"twitter:data1\" content=\"1 minuto\" \/>\n<script type=\"application\/ld+json\" class=\"yoast-schema-graph\">{\"@context\":\"https:\/\/schema.org\",\"@graph\":[{\"@type\":\"WebPage\",\"@id\":\"https:\/\/gobiernoparroquialsancristobal.gob.ec\/azuay\/rendicion-de-cuentas-2025\/\",\"url\":\"https:\/\/gobiernoparroquialsancristobal.gob.ec\/azuay\/rendicion-de-cuentas-2025\/\",\"name\":\"Rendici\u00f3n de Cuentas 2025 - GAD Parroquial de San Cristobal\",\"isPartOf\":{\"@id\":\"https:\/\/gobiernoparroquialsancristobal.gob.ec\/azuay\/#website\"},\"primaryImageOfPage\":{\"@id\":\"https:\/\/gobiernoparroquialsancristobal.gob.ec\/azuay\/rendicion-de-cuentas-2025\/#primaryimage\"},\"image\":{\"@id\":\"https:\/\/gobiernoparroquialsancristobal.gob.ec\/azuay\/rendicion-de-cuentas-2025\/#primaryimage\"},\"thumbnailUrl\":\"https:\/\/gobiernoparroquialsancristobal.gob.ec\/azuay\/wp-content\/uploads\/2025\/06\/INVITACION-550x309.jpg\",\"datePublished\":\"2025-01-05T18:16:52+00:00\",\"dateModified\":\"2025-08-14T18:02:24+00:00\",\"breadcrumb\":{\"@id\":\"https:\/\/gobiernoparroquialsancristobal.gob.ec\/azuay\/rendicion-de-cuentas-2025\/#breadcrumb\"},\"inLanguage\":\"es\",\"potentialAction\":[{\"@type\":\"ReadAction\",\"target\":[\"https:\/\/gobiernoparroquialsancristobal.gob.ec\/azuay\/rendicion-de-cuentas-2025\/\"]}]},{\"@type\":\"ImageObject\",\"inLanguage\":\"es\",\"@id\":\"https:\/\/gobiernoparroquialsancristobal.gob.ec\/azuay\/rendicion-de-cuentas-2025\/#primaryimage\",\"url\":\"https:\/\/gobiernoparroquialsancristobal.gob.ec\/azuay\/wp-content\/uploads\/2025\/06\/INVITACION.jpg\",\"contentUrl\":\"https:\/\/gobiernoparroquialsancristobal.gob.ec\/azuay\/wp-content\/uploads\/2025\/06\/INVITACION.jpg\",\"width\":1280,\"height\":720},{\"@type\":\"BreadcrumbList\",\"@id\":\"https:\/\/gobiernoparroquialsancristobal.gob.ec\/azuay\/rendicion-de-cuentas-2025\/#breadcrumb\",\"itemListElement\":[{\"@type\":\"ListItem\",\"position\":1,\"name\":\"Home\",\"item\":\"https:\/\/gobiernoparroquialsancristobal.gob.ec\/azuay\/\"},{\"@type\":\"ListItem\",\"position\":2,\"name\":\"Rendici\u00f3n de Cuentas 2025\"}]},{\"@type\":\"WebSite\",\"@id\":\"https:\/\/gobiernoparroquialsancristobal.gob.ec\/azuay\/#website\",\"url\":\"https:\/\/gobiernoparroquialsancristobal.gob.ec\/azuay\/\",\"name\":\"GAD Parroquial de San Cristobal Azuay\",\"description\":\"Sitio Oficial del GAD Parroquial San Cristobal Azuay\",\"publisher\":{\"@id\":\"https:\/\/gobiernoparroquialsancristobal.gob.ec\/azuay\/#organization\"},\"potentialAction\":[{\"@type\":\"SearchAction\",\"target\":{\"@type\":\"EntryPoint\",\"urlTemplate\":\"https:\/\/gobiernoparroquialsancristobal.gob.ec\/azuay\/?s={search_term_string}\"},\"query-input\":{\"@type\":\"PropertyValueSpecification\",\"valueRequired\":true,\"valueName\":\"search_term_string\"}}],\"inLanguage\":\"es\"},{\"@type\":\"Organization\",\"@id\":\"https:\/\/gobiernoparroquialsancristobal.gob.ec\/azuay\/#organization\",\"name\":\"GAD Parroquial de San Cristobal Azuay\",\"url\":\"https:\/\/gobiernoparroquialsancristobal.gob.ec\/azuay\/\",\"logo\":{\"@type\":\"ImageObject\",\"inLanguage\":\"es\",\"@id\":\"https:\/\/gobiernoparroquialsancristobal.gob.ec\/azuay\/#\/schema\/logo\/image\/\",\"url\":\"https:\/\/gobiernoparroquialsancristobal.gob.ec\/azuay\/wp-content\/uploads\/2020\/06\/logoFooter.png\",\"contentUrl\":\"https:\/\/gobiernoparroquialsancristobal.gob.ec\/azuay\/wp-content\/uploads\/2020\/06\/logoFooter.png\",\"width\":200,\"height\":150,\"caption\":\"GAD Parroquial de San Cristobal Azuay\"},\"image\":{\"@id\":\"https:\/\/gobiernoparroquialsancristobal.gob.ec\/azuay\/#\/schema\/logo\/image\/\"}}]}<\/script>\n<!-- \/ Yoast SEO plugin. -->","yoast_head_json":{"title":"Rendici\u00f3n de Cuentas 2025 - GAD Parroquial de San Cristobal","robots":{"index":"index","follow":"follow","max-snippet":"max-snippet:-1","max-image-preview":"max-image-preview:large","max-video-preview":"max-video-preview:-1"},"canonical":"https:\/\/gobiernoparroquialsancristobal.gob.ec\/azuay\/rendicion-de-cuentas-2025\/","og_locale":"es_ES","og_type":"article","og_title":"Rendici\u00f3n de Cuentas 2025 - GAD Parroquial de San Cristobal","og_description":"FASE 1: PLANIFICACI\u00d3N DEL PROCESO Documentaci\u00f3n Preparatoria PDyOT VOCALES-DE-JUNTAS-PARROQUIALES-PAUTE-BONITO-Plan-Trabajo POA 2024 PAC 2024 FASE 2: EVALUACI\u00d3N DE LA GESTI\u00d3N Acta de aprobaci\u00f3n del informe Planificaci\u00f3n y equipo t\u00e9cnico Informe Economico Cedula de Ingresos 2024 Cedula de gastos2024 Gastos proyectos de inversi\u00f3n Contestaci\u00f3n a la Consulta Ciudadana FASE 3: DELIBERACI\u00d3N PUBLICA INVITACI\u00d3N A LA ASAMBLEA PARROQUIAL [&hellip;]","og_url":"https:\/\/gobiernoparroquialsancristobal.gob.ec\/azuay\/rendicion-de-cuentas-2025\/","og_site_name":"GAD Parroquial de San Cristobal","article_modified_time":"2025-08-14T18:02:24+00:00","og_image":[{"width":1280,"height":720,"url":"https:\/\/gobiernoparroquialsancristobal.gob.ec\/azuay\/wp-content\/uploads\/2025\/06\/INVITACION.jpg","type":"image\/jpeg"}],"twitter_card":"summary_large_image","twitter_misc":{"Tiempo de lectura":"1 minuto"},"schema":{"@context":"https:\/\/schema.org","@graph":[{"@type":"WebPage","@id":"https:\/\/gobiernoparroquialsancristobal.gob.ec\/azuay\/rendicion-de-cuentas-2025\/","url":"https:\/\/gobiernoparroquialsancristobal.gob.ec\/azuay\/rendicion-de-cuentas-2025\/","name":"Rendici\u00f3n de Cuentas 2025 - GAD Parroquial de San Cristobal","isPartOf":{"@id":"https:\/\/gobiernoparroquialsancristobal.gob.ec\/azuay\/#website"},"primaryImageOfPage":{"@id":"https:\/\/gobiernoparroquialsancristobal.gob.ec\/azuay\/rendicion-de-cuentas-2025\/#primaryimage"},"image":{"@id":"https:\/\/gobiernoparroquialsancristobal.gob.ec\/azuay\/rendicion-de-cuentas-2025\/#primaryimage"},"thumbnailUrl":"https:\/\/gobiernoparroquialsancristobal.gob.ec\/azuay\/wp-content\/uploads\/2025\/06\/INVITACION-550x309.jpg","datePublished":"2025-01-05T18:16:52+00:00","dateModified":"2025-08-14T18:02:24+00:00","breadcrumb":{"@id":"https:\/\/gobiernoparroquialsancristobal.gob.ec\/azuay\/rendicion-de-cuentas-2025\/#breadcrumb"},"inLanguage":"es","potentialAction":[{"@type":"ReadAction","target":["https:\/\/gobiernoparroquialsancristobal.gob.ec\/azuay\/rendicion-de-cuentas-2025\/"]}]},{"@type":"ImageObject","inLanguage":"es","@id":"https:\/\/gobiernoparroquialsancristobal.gob.ec\/azuay\/rendicion-de-cuentas-2025\/#primaryimage","url":"https:\/\/gobiernoparroquialsancristobal.gob.ec\/azuay\/wp-content\/uploads\/2025\/06\/INVITACION.jpg","contentUrl":"https:\/\/gobiernoparroquialsancristobal.gob.ec\/azuay\/wp-content\/uploads\/2025\/06\/INVITACION.jpg","width":1280,"height":720},{"@type":"BreadcrumbList","@id":"https:\/\/gobiernoparroquialsancristobal.gob.ec\/azuay\/rendicion-de-cuentas-2025\/#breadcrumb","itemListElement":[{"@type":"ListItem","position":1,"name":"Home","item":"https:\/\/gobiernoparroquialsancristobal.gob.ec\/azuay\/"},{"@type":"ListItem","position":2,"name":"Rendici\u00f3n de Cuentas 2025"}]},{"@type":"WebSite","@id":"https:\/\/gobiernoparroquialsancristobal.gob.ec\/azuay\/#website","url":"https:\/\/gobiernoparroquialsancristobal.gob.ec\/azuay\/","name":"GAD Parroquial de San Cristobal Azuay","description":"Sitio Oficial del GAD Parroquial San Cristobal Azuay","publisher":{"@id":"https:\/\/gobiernoparroquialsancristobal.gob.ec\/azuay\/#organization"},"potentialAction":[{"@type":"SearchAction","target":{"@type":"EntryPoint","urlTemplate":"https:\/\/gobiernoparroquialsancristobal.gob.ec\/azuay\/?s={search_term_string}"},"query-input":{"@type":"PropertyValueSpecification","valueRequired":true,"valueName":"search_term_string"}}],"inLanguage":"es"},{"@type":"Organization","@id":"https:\/\/gobiernoparroquialsancristobal.gob.ec\/azuay\/#organization","name":"GAD Parroquial de San Cristobal Azuay","url":"https:\/\/gobiernoparroquialsancristobal.gob.ec\/azuay\/","logo":{"@type":"ImageObject","inLanguage":"es","@id":"https:\/\/gobiernoparroquialsancristobal.gob.ec\/azuay\/#\/schema\/logo\/image\/","url":"https:\/\/gobiernoparroquialsancristobal.gob.ec\/azuay\/wp-content\/uploads\/2020\/06\/logoFooter.png","contentUrl":"https:\/\/gobiernoparroquialsancristobal.gob.ec\/azuay\/wp-content\/uploads\/2020\/06\/logoFooter.png","width":200,"height":150,"caption":"GAD Parroquial de San Cristobal Azuay"},"image":{"@id":"https:\/\/gobiernoparroquialsancristobal.gob.ec\/azuay\/#\/schema\/logo\/image\/"}}]}},"_links":{"self":[{"href":"https:\/\/gobiernoparroquialsancristobal.gob.ec\/azuay\/wp-json\/wp\/v2\/pages\/2068","targetHints":{"allow":["GET"]}}],"collection":[{"href":"https:\/\/gobiernoparroquialsancristobal.gob.ec\/azuay\/wp-json\/wp\/v2\/pages"}],"about":[{"href":"https:\/\/gobiernoparroquialsancristobal.gob.ec\/azuay\/wp-json\/wp\/v2\/types\/page"}],"author":[{"embeddable":true,"href":"https:\/\/gobiernoparroquialsancristobal.gob.ec\/azuay\/wp-json\/wp\/v2\/users\/6"}],"replies":[{"embeddable":true,"href":"https:\/\/gobiernoparroquialsancristobal.gob.ec\/azuay\/wp-json\/wp\/v2\/comments?post=2068"}],"version-history":[{"count":10,"href":"https:\/\/gobiernoparroquialsancristobal.gob.ec\/azuay\/wp-json\/wp\/v2\/pages\/2068\/revisions"}],"predecessor-version":[{"id":2125,"href":"https:\/\/gobiernoparroquialsancristobal.gob.ec\/azuay\/wp-json\/wp\/v2\/pages\/2068\/revisions\/2125"}],"wp:attachment":[{"href":"https:\/\/gobiernoparroquialsancristobal.gob.ec\/azuay\/wp-json\/wp\/v2\/media?parent=2068"}],"curies":[{"name":"wp","href":"https:\/\/api.w.org\/{rel}","templated":true}]}}