{"id":365,"date":"2016-03-28T14:25:09","date_gmt":"2016-03-28T18:25:09","guid":{"rendered":"http:\/\/gobiernoparroquialsancristobal.gob.ec\/azuay\/?page_id=365"},"modified":"2024-01-16T16:52:50","modified_gmt":"2024-01-16T20:52:50","slug":"formato-de-tramites","status":"publish","type":"page","link":"https:\/\/gobiernoparroquialsancristobal.gob.ec\/azuay\/formato-de-tramites\/","title":{"rendered":"Formato de Tr\u00e1mites"},"content":{"rendered":"<p><strong><span style=\"color: #ff00ff;\">* FORMATO DE TR\u00c1MITES INSTITUCIONAL<\/span><\/strong><\/p>\n<p>&nbsp;<\/p>\n<ul>\n<li><a href=\"https:\/\/gobiernoparroquialsancristobal.gob.ec\/azuay\/wp-content\/uploads\/2024\/01\/Formato-de-solicitud-de-Informacion-Publica-1.pdf\">Formato de solicitud de Informaci\u00f3n P\u00fablica<\/a><\/li>\n<li><a href=\"http:\/\/gobiernoparroquialsancristobal.gob.ec\/azuay\/wp-content\/uploads\/2016\/03\/Formato-de-solicitud-para-participar-en-la-Silla-Vac\u00eda.pdf\">Formato de solicitud para participar en la Silla Vac\u00eda<\/a><\/li>\n<li><a href=\"http:\/\/gobiernoparroquialsancristobal.gob.ec\/azuay\/wp-content\/uploads\/2016\/03\/Formato-de-Solicitud-de-uso-indifinido-de-nicho.pdf\">Formato de Solicitud de uso indifinido de nicho<\/a><\/li>\n<\/ul>\n<ul>\n<li><a href=\"https:\/\/gobiernoparroquialsancristobal.gob.ec\/azuay\/wp-content\/uploads\/2024\/01\/Solicitud-de-arrendamiento-de-boveda.pdf\">Formato de solicitud de arrendamiento de boveda<\/a><\/li>\n<li><a href=\"https:\/\/gobiernoparroquialsancristobal.gob.ec\/azuay\/wp-content\/uploads\/2024\/01\/Solicitud-de-renovacion-de-boveda.pdf\">Formato de solicitud para renovacion de boveda<\/a><\/li>\n<li><a href=\"https:\/\/gobiernoparroquialsancristobal.gob.ec\/azuay\/wp-content\/uploads\/2024\/01\/Solicitud-de-arrendamiento-nicho.pdf\">Formato de Solicitud de uso indefinido de nicho<\/a><\/li>\n<\/ul>\n","protected":false},"excerpt":{"rendered":"<p>* FORMATO DE TR\u00c1MITES INSTITUCIONAL &nbsp; Formato de solicitud de Informaci\u00f3n P\u00fablica Formato de solicitud para participar en la Silla Vac\u00eda Formato de Solicitud de uso indifinido de nicho Formato de solicitud de arrendamiento de boveda Formato de solicitud para renovacion de boveda Formato de Solicitud de uso indefinido de nicho<\/p>\n","protected":false},"author":6,"featured_media":0,"parent":0,"menu_order":0,"comment_status":"closed","ping_status":"closed","template":"","meta":{"footnotes":""},"class_list":["post-365","page","type-page","status-publish","hentry"],"yoast_head":"<!-- This site is optimized with the Yoast SEO plugin v24.1 - https:\/\/yoast.com\/wordpress\/plugins\/seo\/ -->\n<title>Formato de Tr\u00e1mites - GAD Parroquial de San Cristobal<\/title>\n<meta name=\"robots\" content=\"index, follow, max-snippet:-1, max-image-preview:large, max-video-preview:-1\" \/>\n<link rel=\"canonical\" href=\"https:\/\/gobiernoparroquialsancristobal.gob.ec\/azuay\/formato-de-tramites\/\" \/>\n<meta property=\"og:locale\" content=\"es_ES\" \/>\n<meta property=\"og:type\" content=\"article\" \/>\n<meta property=\"og:title\" content=\"Formato de Tr\u00e1mites - GAD Parroquial de San Cristobal\" \/>\n<meta property=\"og:description\" content=\"* FORMATO DE TR\u00c1MITES INSTITUCIONAL &nbsp; Formato de solicitud de Informaci\u00f3n P\u00fablica Formato de solicitud para participar en la Silla Vac\u00eda Formato de Solicitud de uso indifinido de nicho Formato de solicitud de arrendamiento de boveda Formato de solicitud para renovacion de boveda Formato de Solicitud de uso indefinido de nicho\" \/>\n<meta property=\"og:url\" content=\"https:\/\/gobiernoparroquialsancristobal.gob.ec\/azuay\/formato-de-tramites\/\" \/>\n<meta property=\"og:site_name\" content=\"GAD Parroquial de San Cristobal\" \/>\n<meta property=\"article:modified_time\" content=\"2024-01-16T20:52:50+00:00\" \/>\n<meta name=\"twitter:card\" content=\"summary_large_image\" \/>\n<meta name=\"twitter:label1\" content=\"Tiempo de lectura\" \/>\n\t<meta name=\"twitter:data1\" content=\"1 minuto\" \/>\n<script type=\"application\/ld+json\" class=\"yoast-schema-graph\">{\"@context\":\"https:\/\/schema.org\",\"@graph\":[{\"@type\":\"WebPage\",\"@id\":\"https:\/\/gobiernoparroquialsancristobal.gob.ec\/azuay\/formato-de-tramites\/\",\"url\":\"https:\/\/gobiernoparroquialsancristobal.gob.ec\/azuay\/formato-de-tramites\/\",\"name\":\"Formato de Tr\u00e1mites - GAD Parroquial de San Cristobal\",\"isPartOf\":{\"@id\":\"https:\/\/gobiernoparroquialsancristobal.gob.ec\/azuay\/#website\"},\"datePublished\":\"2016-03-28T18:25:09+00:00\",\"dateModified\":\"2024-01-16T20:52:50+00:00\",\"breadcrumb\":{\"@id\":\"https:\/\/gobiernoparroquialsancristobal.gob.ec\/azuay\/formato-de-tramites\/#breadcrumb\"},\"inLanguage\":\"es\",\"potentialAction\":[{\"@type\":\"ReadAction\",\"target\":[\"https:\/\/gobiernoparroquialsancristobal.gob.ec\/azuay\/formato-de-tramites\/\"]}]},{\"@type\":\"BreadcrumbList\",\"@id\":\"https:\/\/gobiernoparroquialsancristobal.gob.ec\/azuay\/formato-de-tramites\/#breadcrumb\",\"itemListElement\":[{\"@type\":\"ListItem\",\"position\":1,\"name\":\"Home\",\"item\":\"https:\/\/gobiernoparroquialsancristobal.gob.ec\/azuay\/\"},{\"@type\":\"ListItem\",\"position\":2,\"name\":\"Formato de Tr\u00e1mites\"}]},{\"@type\":\"WebSite\",\"@id\":\"https:\/\/gobiernoparroquialsancristobal.gob.ec\/azuay\/#website\",\"url\":\"https:\/\/gobiernoparroquialsancristobal.gob.ec\/azuay\/\",\"name\":\"GAD Parroquial de San Cristobal Azuay\",\"description\":\"Sitio Oficial del GAD Parroquial San Cristobal Azuay\",\"publisher\":{\"@id\":\"https:\/\/gobiernoparroquialsancristobal.gob.ec\/azuay\/#organization\"},\"potentialAction\":[{\"@type\":\"SearchAction\",\"target\":{\"@type\":\"EntryPoint\",\"urlTemplate\":\"https:\/\/gobiernoparroquialsancristobal.gob.ec\/azuay\/?s={search_term_string}\"},\"query-input\":{\"@type\":\"PropertyValueSpecification\",\"valueRequired\":true,\"valueName\":\"search_term_string\"}}],\"inLanguage\":\"es\"},{\"@type\":\"Organization\",\"@id\":\"https:\/\/gobiernoparroquialsancristobal.gob.ec\/azuay\/#organization\",\"name\":\"GAD Parroquial de San Cristobal Azuay\",\"url\":\"https:\/\/gobiernoparroquialsancristobal.gob.ec\/azuay\/\",\"logo\":{\"@type\":\"ImageObject\",\"inLanguage\":\"es\",\"@id\":\"https:\/\/gobiernoparroquialsancristobal.gob.ec\/azuay\/#\/schema\/logo\/image\/\",\"url\":\"https:\/\/gobiernoparroquialsancristobal.gob.ec\/azuay\/wp-content\/uploads\/2020\/06\/logoFooter.png\",\"contentUrl\":\"https:\/\/gobiernoparroquialsancristobal.gob.ec\/azuay\/wp-content\/uploads\/2020\/06\/logoFooter.png\",\"width\":200,\"height\":150,\"caption\":\"GAD Parroquial de San Cristobal Azuay\"},\"image\":{\"@id\":\"https:\/\/gobiernoparroquialsancristobal.gob.ec\/azuay\/#\/schema\/logo\/image\/\"}}]}<\/script>\n<!-- \/ Yoast SEO plugin. -->","yoast_head_json":{"title":"Formato de Tr\u00e1mites - GAD Parroquial de San Cristobal","robots":{"index":"index","follow":"follow","max-snippet":"max-snippet:-1","max-image-preview":"max-image-preview:large","max-video-preview":"max-video-preview:-1"},"canonical":"https:\/\/gobiernoparroquialsancristobal.gob.ec\/azuay\/formato-de-tramites\/","og_locale":"es_ES","og_type":"article","og_title":"Formato de Tr\u00e1mites - GAD Parroquial de San Cristobal","og_description":"* FORMATO DE TR\u00c1MITES INSTITUCIONAL &nbsp; Formato de solicitud de Informaci\u00f3n P\u00fablica Formato de solicitud para participar en la Silla Vac\u00eda Formato de Solicitud de uso indifinido de nicho Formato de solicitud de arrendamiento de boveda Formato de solicitud para renovacion de boveda Formato de Solicitud de uso indefinido de nicho","og_url":"https:\/\/gobiernoparroquialsancristobal.gob.ec\/azuay\/formato-de-tramites\/","og_site_name":"GAD Parroquial de San Cristobal","article_modified_time":"2024-01-16T20:52:50+00:00","twitter_card":"summary_large_image","twitter_misc":{"Tiempo de lectura":"1 minuto"},"schema":{"@context":"https:\/\/schema.org","@graph":[{"@type":"WebPage","@id":"https:\/\/gobiernoparroquialsancristobal.gob.ec\/azuay\/formato-de-tramites\/","url":"https:\/\/gobiernoparroquialsancristobal.gob.ec\/azuay\/formato-de-tramites\/","name":"Formato de Tr\u00e1mites - GAD Parroquial de San Cristobal","isPartOf":{"@id":"https:\/\/gobiernoparroquialsancristobal.gob.ec\/azuay\/#website"},"datePublished":"2016-03-28T18:25:09+00:00","dateModified":"2024-01-16T20:52:50+00:00","breadcrumb":{"@id":"https:\/\/gobiernoparroquialsancristobal.gob.ec\/azuay\/formato-de-tramites\/#breadcrumb"},"inLanguage":"es","potentialAction":[{"@type":"ReadAction","target":["https:\/\/gobiernoparroquialsancristobal.gob.ec\/azuay\/formato-de-tramites\/"]}]},{"@type":"BreadcrumbList","@id":"https:\/\/gobiernoparroquialsancristobal.gob.ec\/azuay\/formato-de-tramites\/#breadcrumb","itemListElement":[{"@type":"ListItem","position":1,"name":"Home","item":"https:\/\/gobiernoparroquialsancristobal.gob.ec\/azuay\/"},{"@type":"ListItem","position":2,"name":"Formato de Tr\u00e1mites"}]},{"@type":"WebSite","@id":"https:\/\/gobiernoparroquialsancristobal.gob.ec\/azuay\/#website","url":"https:\/\/gobiernoparroquialsancristobal.gob.ec\/azuay\/","name":"GAD Parroquial de San Cristobal Azuay","description":"Sitio Oficial del GAD Parroquial San Cristobal Azuay","publisher":{"@id":"https:\/\/gobiernoparroquialsancristobal.gob.ec\/azuay\/#organization"},"potentialAction":[{"@type":"SearchAction","target":{"@type":"EntryPoint","urlTemplate":"https:\/\/gobiernoparroquialsancristobal.gob.ec\/azuay\/?s={search_term_string}"},"query-input":{"@type":"PropertyValueSpecification","valueRequired":true,"valueName":"search_term_string"}}],"inLanguage":"es"},{"@type":"Organization","@id":"https:\/\/gobiernoparroquialsancristobal.gob.ec\/azuay\/#organization","name":"GAD Parroquial de San Cristobal Azuay","url":"https:\/\/gobiernoparroquialsancristobal.gob.ec\/azuay\/","logo":{"@type":"ImageObject","inLanguage":"es","@id":"https:\/\/gobiernoparroquialsancristobal.gob.ec\/azuay\/#\/schema\/logo\/image\/","url":"https:\/\/gobiernoparroquialsancristobal.gob.ec\/azuay\/wp-content\/uploads\/2020\/06\/logoFooter.png","contentUrl":"https:\/\/gobiernoparroquialsancristobal.gob.ec\/azuay\/wp-content\/uploads\/2020\/06\/logoFooter.png","width":200,"height":150,"caption":"GAD Parroquial de San Cristobal Azuay"},"image":{"@id":"https:\/\/gobiernoparroquialsancristobal.gob.ec\/azuay\/#\/schema\/logo\/image\/"}}]}},"_links":{"self":[{"href":"https:\/\/gobiernoparroquialsancristobal.gob.ec\/azuay\/wp-json\/wp\/v2\/pages\/365","targetHints":{"allow":["GET"]}}],"collection":[{"href":"https:\/\/gobiernoparroquialsancristobal.gob.ec\/azuay\/wp-json\/wp\/v2\/pages"}],"about":[{"href":"https:\/\/gobiernoparroquialsancristobal.gob.ec\/azuay\/wp-json\/wp\/v2\/types\/page"}],"author":[{"embeddable":true,"href":"https:\/\/gobiernoparroquialsancristobal.gob.ec\/azuay\/wp-json\/wp\/v2\/users\/6"}],"replies":[{"embeddable":true,"href":"https:\/\/gobiernoparroquialsancristobal.gob.ec\/azuay\/wp-json\/wp\/v2\/comments?post=365"}],"version-history":[{"count":5,"href":"https:\/\/gobiernoparroquialsancristobal.gob.ec\/azuay\/wp-json\/wp\/v2\/pages\/365\/revisions"}],"predecessor-version":[{"id":1633,"href":"https:\/\/gobiernoparroquialsancristobal.gob.ec\/azuay\/wp-json\/wp\/v2\/pages\/365\/revisions\/1633"}],"wp:attachment":[{"href":"https:\/\/gobiernoparroquialsancristobal.gob.ec\/azuay\/wp-json\/wp\/v2\/media?parent=365"}],"curies":[{"name":"wp","href":"https:\/\/api.w.org\/{rel}","templated":true}]}}