{"id":58,"date":"2014-10-24T10:01:28","date_gmt":"2014-10-24T14:01:28","guid":{"rendered":"http:\/\/gobiernoparroquialsancristobal.gob.ec\/azuay\/?page_id=58"},"modified":"2021-07-28T20:06:33","modified_gmt":"2021-07-29T00:06:33","slug":"proceso-de-contratacion","status":"publish","type":"page","link":"https:\/\/gobiernoparroquialsancristobal.gob.ec\/azuay\/proceso-de-contratacion\/","title":{"rendered":"Proceso de Contrataci\u00f3n"},"content":{"rendered":"<p style=\"text-align: center;\"><span style=\"color: #ff00ff;\"><strong>PROCESOS DE CONTRATACI\u00d3N P\u00daBLICA A\u00d1O 2020<\/strong><\/span><\/p>\n<p>\u00cdNFIMA CUANT\u00cdA<\/p>\n<p><a href=\"https:\/\/gobiernoparroquialsancristobal.gob.ec\/azuay\/proceso-de-contratacion\/adquiciones-infima-cuantia-2020\/\" rel=\"attachment wp-att-1220\">Adquiciones Infima Cuantia 2020<\/a><\/p>\n<p>SUBASTA INVERSA ELECTR\u00d3NICA<\/p>\n<p><a href=\"https:\/\/gobiernoparroquialsancristobal.gob.ec\/azuay\/proceso-de-contratacion\/pliegos-sie-mantenimiento-vial-signed\/\" rel=\"attachment wp-att-1223\">Pliegos SIE Mantenimiento vial-signed<\/a><\/p>\n<p><a href=\"https:\/\/gobiernoparroquialsancristobal.gob.ec\/azuay\/proceso-de-contratacion\/resolucion-aprobacion-pliegos-sie-signed\/\" rel=\"attachment wp-att-1224\">Resolucion aprobacion pliegos SIE-signed<\/a><\/p>\n<p><a href=\"https:\/\/gobiernoparroquialsancristobal.gob.ec\/azuay\/proceso-de-contratacion\/informe-de-resultado-de-puja-sie-signed-signed\/\" rel=\"attachment wp-att-1226\">Informe de resultado de puja SIE-signed-signed<\/a><\/p>\n<p><a href=\"https:\/\/gobiernoparroquialsancristobal.gob.ec\/azuay\/proceso-de-contratacion\/resolucion-de-adjudicacion-sie-signed\/\" rel=\"attachment wp-att-1227\">Resolucion de adjudicacion SIE-signed<\/a><\/p>\n<p><a href=\"https:\/\/gobiernoparroquialsancristobal.gob.ec\/azuay\/proceso-de-contratacion\/contrato-sie-mantenimiento-vial-signed-signed\/\" rel=\"attachment wp-att-1225\">Contrato SIE mantenimiento vial-signed-signed<\/a><\/p>\n<p><a href=\"https:\/\/gobiernoparroquialsancristobal.gob.ec\/azuay\/proceso-de-contratacion\/acta-entrega-recepcion-definitiva-sie-2020-signed\/\" rel=\"attachment wp-att-1228\">Acta Entrega-Recepcion Definitiva SIE 2020-signed<\/a><\/p>\n<p>&nbsp;<\/p>\n<p>REGIMEN ESPECIAL<\/p>\n<p><a href=\"https:\/\/gobiernoparroquialsancristobal.gob.ec\/azuay\/proceso-de-contratacion\/pliegos-regimen-especial\/\" rel=\"attachment wp-att-1221\">Pliegos Regimen Especial<\/a><\/p>\n<p><a href=\"https:\/\/gobiernoparroquialsancristobal.gob.ec\/azuay\/proceso-de-contratacion\/contrato-regimen-especial\/\" rel=\"attachment wp-att-1222\">Contrato Regimen Especial<\/a><\/p>\n<p>&nbsp;<\/p>\n<p>CAT\u00d3LOGO EL\u00c9CTR\u00d3NICO<\/p>\n<p><a href=\"https:\/\/gobiernoparroquialsancristobal.gob.ec\/azuay\/proceso-de-contratacion\/actas-entrega-recepcion-catalogo-electronico-2020\/\" rel=\"attachment wp-att-1249\">Actas Entrega Recepcion Catalogo Electronico 2020<\/a><\/p>\n<p><a href=\"https:\/\/gobiernoparroquialsancristobal.gob.ec\/azuay\/proceso-de-contratacion\/acta-ce-clean-star\/\" rel=\"attachment wp-att-1229\">Acta CE Clean Star<\/a><\/p>\n<p><a href=\"https:\/\/gobiernoparroquialsancristobal.gob.ec\/azuay\/proceso-de-contratacion\/acta-ce-codyxopaper\/\" rel=\"attachment wp-att-1230\">Acta CE Codyxopaper<\/a><\/p>\n<p><a href=\"https:\/\/gobiernoparroquialsancristobal.gob.ec\/azuay\/proceso-de-contratacion\/acta-ce-cogecomsa-materiales-aseo\/\" rel=\"attachment wp-att-1231\">Acta CE COGECOMSA materiales aseo<\/a><\/p>\n<p><a href=\"https:\/\/gobiernoparroquialsancristobal.gob.ec\/azuay\/proceso-de-contratacion\/acta-ce-cogecomsa-materiales-de-oficina\/\" rel=\"attachment wp-att-1233\">Acta CE COGECOMSA materiales de oficina<\/a><\/p>\n<p><a href=\"https:\/\/gobiernoparroquialsancristobal.gob.ec\/azuay\/proceso-de-contratacion\/acta-ce-continental-andina\/\" rel=\"attachment wp-att-1234\">Acta CE Continental Andina<\/a><\/p>\n<p><a href=\"https:\/\/gobiernoparroquialsancristobal.gob.ec\/azuay\/proceso-de-contratacion\/acta-ce-proano-diana\/\" rel=\"attachment wp-att-1235\">Acta CE Proa\u00f1o Diana<\/a><\/p>\n<p><a href=\"https:\/\/gobiernoparroquialsancristobal.gob.ec\/azuay\/proceso-de-contratacion\/acta-ce-vilma-palacios-2020\/\" rel=\"attachment wp-att-1236\">Acta CE Vilma Palacios 2020<\/a><\/p>\n<p>&nbsp;<\/p>\n<p style=\"text-align: center;\"><span style=\"color: #ff00ff;\"><strong>PROCESOS DE CONTRATACI\u00d3N P\u00daBLICA A\u00d1O 2016<\/strong><\/span><\/p>\n<p>INFIMAS 2016<\/p>\n<p><a href=\"http:\/\/gobiernoparroquialsancristobal.gob.ec\/azuay\/wp-content\/uploads\/2014\/10\/INFIMAS-1ER-TRIMESTRE384.pdf\">INFIMAS 1ER TRIMESTRE<\/a><\/p>\n<p><a href=\"http:\/\/gobiernoparroquialsancristobal.gob.ec\/azuay\/wp-content\/uploads\/2014\/10\/INFIMAS-2DO-TRIMESTRE385.pdf\">INFIMAS 2DO TRIMESTRE<\/a><\/p>\n<p><a href=\"http:\/\/gobiernoparroquialsancristobal.gob.ec\/azuay\/wp-content\/uploads\/2014\/10\/INFIMAS-3ER-TRIMESTRE386.pdf\">INFIMAS 3ER TRIMESTRE<\/a><\/p>\n<p>&nbsp;<\/p>\n<p>&nbsp;<\/p>\n<p><strong>COMO BUSCAR<\/strong><\/p>\n<p>&#8211; En<em><strong> Entidad Contratante<\/strong><\/em> colocar el nombre de la parroquia y hacer click en el bot\u00f3n <em>Buscar Entidad<\/em>.<\/p>\n<p>&#8211; Hacer click en el nombre de la Parroquia.<\/p>\n<p>&#8211; Ahora que esta colocado el nombre en <em><strong>Entidad Contratante<\/strong><\/em>, nos vamos al final de la hoja y le hacemos click en <em>Buscar<\/em><\/p>\n<p>&nbsp;<\/p>\n<p><iframe loading=\"lazy\" src=\"https:\/\/www.compraspublicas.gob.ec\/ProcesoContratacion\/compras\/PC\/buscarProceso.cpe\" width=\"730\" height=\"800\" frameborder=\"1\" scrolling=\"auto\"><\/iframe><\/p>\n<p>&nbsp;<\/p>\n<p><strong><span style=\"color: #ff00ff;\">* INFIMAS 2016<\/span><\/strong><\/p>\n<ul>\n<li><a href=\"http:\/\/gobiernoparroquialsancristobal.gob.ec\/azuay\/wp-content\/uploads\/2014\/10\/Infimas-Trimestre-I-2016.pdf\">Infimas Trimestre I 2016<\/a><\/li>\n<li><a href=\"http:\/\/gobiernoparroquialsancristobal.gob.ec\/azuay\/wp-content\/uploads\/2014\/10\/Infimas-Trimestre-II-2016.pdf\">Infimas Trimestre II 2016<\/a><\/li>\n<li><a href=\"http:\/\/gobiernoparroquialsancristobal.gob.ec\/azuay\/wp-content\/uploads\/2014\/10\/Infimas-Trimestre-III-2016.pdf\">Infimas Trimestre III 2016<\/a><\/li>\n<\/ul>\n","protected":false},"excerpt":{"rendered":"<p>PROCESOS DE CONTRATACI\u00d3N P\u00daBLICA A\u00d1O 2020 \u00cdNFIMA CUANT\u00cdA Adquiciones Infima Cuantia 2020 SUBASTA INVERSA ELECTR\u00d3NICA Pliegos SIE Mantenimiento vial-signed Resolucion aprobacion pliegos SIE-signed Informe de resultado de puja SIE-signed-signed Resolucion de adjudicacion SIE-signed Contrato SIE mantenimiento vial-signed-signed Acta Entrega-Recepcion Definitiva SIE 2020-signed &nbsp; REGIMEN ESPECIAL Pliegos Regimen Especial Contrato Regimen Especial &nbsp; CAT\u00d3LOGO EL\u00c9CTR\u00d3NICO Actas [&hellip;]<\/p>\n","protected":false},"author":6,"featured_media":0,"parent":0,"menu_order":0,"comment_status":"closed","ping_status":"closed","template":"","meta":{"footnotes":""},"class_list":["post-58","page","type-page","status-publish","hentry"],"yoast_head":"<!-- This site is optimized with the Yoast SEO plugin v24.1 - https:\/\/yoast.com\/wordpress\/plugins\/seo\/ -->\n<title>Proceso de Contrataci\u00f3n - GAD Parroquial de San Cristobal<\/title>\n<meta name=\"robots\" content=\"index, follow, max-snippet:-1, max-image-preview:large, max-video-preview:-1\" \/>\n<link rel=\"canonical\" href=\"https:\/\/gobiernoparroquialsancristobal.gob.ec\/azuay\/proceso-de-contratacion\/\" \/>\n<meta property=\"og:locale\" content=\"es_ES\" \/>\n<meta property=\"og:type\" content=\"article\" \/>\n<meta property=\"og:title\" content=\"Proceso de Contrataci\u00f3n - GAD Parroquial de San Cristobal\" \/>\n<meta property=\"og:description\" content=\"PROCESOS DE CONTRATACI\u00d3N P\u00daBLICA A\u00d1O 2020 \u00cdNFIMA CUANT\u00cdA Adquiciones Infima Cuantia 2020 SUBASTA INVERSA ELECTR\u00d3NICA Pliegos SIE Mantenimiento vial-signed Resolucion aprobacion pliegos SIE-signed Informe de resultado de puja SIE-signed-signed Resolucion de adjudicacion SIE-signed Contrato SIE mantenimiento vial-signed-signed Acta Entrega-Recepcion Definitiva SIE 2020-signed &nbsp; REGIMEN ESPECIAL Pliegos Regimen Especial Contrato Regimen Especial &nbsp; CAT\u00d3LOGO EL\u00c9CTR\u00d3NICO Actas [&hellip;]\" \/>\n<meta property=\"og:url\" content=\"https:\/\/gobiernoparroquialsancristobal.gob.ec\/azuay\/proceso-de-contratacion\/\" \/>\n<meta property=\"og:site_name\" content=\"GAD Parroquial de San Cristobal\" \/>\n<meta property=\"article:modified_time\" content=\"2021-07-29T00:06:33+00:00\" \/>\n<meta name=\"twitter:card\" content=\"summary_large_image\" \/>\n<meta name=\"twitter:label1\" content=\"Tiempo de lectura\" \/>\n\t<meta name=\"twitter:data1\" content=\"1 minuto\" \/>\n<script type=\"application\/ld+json\" class=\"yoast-schema-graph\">{\"@context\":\"https:\/\/schema.org\",\"@graph\":[{\"@type\":\"WebPage\",\"@id\":\"https:\/\/gobiernoparroquialsancristobal.gob.ec\/azuay\/proceso-de-contratacion\/\",\"url\":\"https:\/\/gobiernoparroquialsancristobal.gob.ec\/azuay\/proceso-de-contratacion\/\",\"name\":\"Proceso de Contrataci\u00f3n - GAD Parroquial de San Cristobal\",\"isPartOf\":{\"@id\":\"https:\/\/gobiernoparroquialsancristobal.gob.ec\/azuay\/#website\"},\"datePublished\":\"2014-10-24T14:01:28+00:00\",\"dateModified\":\"2021-07-29T00:06:33+00:00\",\"breadcrumb\":{\"@id\":\"https:\/\/gobiernoparroquialsancristobal.gob.ec\/azuay\/proceso-de-contratacion\/#breadcrumb\"},\"inLanguage\":\"es\",\"potentialAction\":[{\"@type\":\"ReadAction\",\"target\":[\"https:\/\/gobiernoparroquialsancristobal.gob.ec\/azuay\/proceso-de-contratacion\/\"]}]},{\"@type\":\"BreadcrumbList\",\"@id\":\"https:\/\/gobiernoparroquialsancristobal.gob.ec\/azuay\/proceso-de-contratacion\/#breadcrumb\",\"itemListElement\":[{\"@type\":\"ListItem\",\"position\":1,\"name\":\"Home\",\"item\":\"https:\/\/gobiernoparroquialsancristobal.gob.ec\/azuay\/\"},{\"@type\":\"ListItem\",\"position\":2,\"name\":\"Proceso de Contrataci\u00f3n\"}]},{\"@type\":\"WebSite\",\"@id\":\"https:\/\/gobiernoparroquialsancristobal.gob.ec\/azuay\/#website\",\"url\":\"https:\/\/gobiernoparroquialsancristobal.gob.ec\/azuay\/\",\"name\":\"GAD Parroquial de San Cristobal Azuay\",\"description\":\"Sitio Oficial del GAD Parroquial San Cristobal Azuay\",\"publisher\":{\"@id\":\"https:\/\/gobiernoparroquialsancristobal.gob.ec\/azuay\/#organization\"},\"potentialAction\":[{\"@type\":\"SearchAction\",\"target\":{\"@type\":\"EntryPoint\",\"urlTemplate\":\"https:\/\/gobiernoparroquialsancristobal.gob.ec\/azuay\/?s={search_term_string}\"},\"query-input\":{\"@type\":\"PropertyValueSpecification\",\"valueRequired\":true,\"valueName\":\"search_term_string\"}}],\"inLanguage\":\"es\"},{\"@type\":\"Organization\",\"@id\":\"https:\/\/gobiernoparroquialsancristobal.gob.ec\/azuay\/#organization\",\"name\":\"GAD Parroquial de San Cristobal Azuay\",\"url\":\"https:\/\/gobiernoparroquialsancristobal.gob.ec\/azuay\/\",\"logo\":{\"@type\":\"ImageObject\",\"inLanguage\":\"es\",\"@id\":\"https:\/\/gobiernoparroquialsancristobal.gob.ec\/azuay\/#\/schema\/logo\/image\/\",\"url\":\"https:\/\/gobiernoparroquialsancristobal.gob.ec\/azuay\/wp-content\/uploads\/2020\/06\/logoFooter.png\",\"contentUrl\":\"https:\/\/gobiernoparroquialsancristobal.gob.ec\/azuay\/wp-content\/uploads\/2020\/06\/logoFooter.png\",\"width\":200,\"height\":150,\"caption\":\"GAD Parroquial de San Cristobal Azuay\"},\"image\":{\"@id\":\"https:\/\/gobiernoparroquialsancristobal.gob.ec\/azuay\/#\/schema\/logo\/image\/\"}}]}<\/script>\n<!-- \/ Yoast SEO plugin. -->","yoast_head_json":{"title":"Proceso de Contrataci\u00f3n - GAD Parroquial de San Cristobal","robots":{"index":"index","follow":"follow","max-snippet":"max-snippet:-1","max-image-preview":"max-image-preview:large","max-video-preview":"max-video-preview:-1"},"canonical":"https:\/\/gobiernoparroquialsancristobal.gob.ec\/azuay\/proceso-de-contratacion\/","og_locale":"es_ES","og_type":"article","og_title":"Proceso de Contrataci\u00f3n - GAD Parroquial de San Cristobal","og_description":"PROCESOS DE CONTRATACI\u00d3N P\u00daBLICA A\u00d1O 2020 \u00cdNFIMA CUANT\u00cdA Adquiciones Infima Cuantia 2020 SUBASTA INVERSA ELECTR\u00d3NICA Pliegos SIE Mantenimiento vial-signed Resolucion aprobacion pliegos SIE-signed Informe de resultado de puja SIE-signed-signed Resolucion de adjudicacion SIE-signed Contrato SIE mantenimiento vial-signed-signed Acta Entrega-Recepcion Definitiva SIE 2020-signed &nbsp; REGIMEN ESPECIAL Pliegos Regimen Especial Contrato Regimen Especial &nbsp; CAT\u00d3LOGO EL\u00c9CTR\u00d3NICO Actas [&hellip;]","og_url":"https:\/\/gobiernoparroquialsancristobal.gob.ec\/azuay\/proceso-de-contratacion\/","og_site_name":"GAD Parroquial de San Cristobal","article_modified_time":"2021-07-29T00:06:33+00:00","twitter_card":"summary_large_image","twitter_misc":{"Tiempo de lectura":"1 minuto"},"schema":{"@context":"https:\/\/schema.org","@graph":[{"@type":"WebPage","@id":"https:\/\/gobiernoparroquialsancristobal.gob.ec\/azuay\/proceso-de-contratacion\/","url":"https:\/\/gobiernoparroquialsancristobal.gob.ec\/azuay\/proceso-de-contratacion\/","name":"Proceso de Contrataci\u00f3n - GAD Parroquial de San Cristobal","isPartOf":{"@id":"https:\/\/gobiernoparroquialsancristobal.gob.ec\/azuay\/#website"},"datePublished":"2014-10-24T14:01:28+00:00","dateModified":"2021-07-29T00:06:33+00:00","breadcrumb":{"@id":"https:\/\/gobiernoparroquialsancristobal.gob.ec\/azuay\/proceso-de-contratacion\/#breadcrumb"},"inLanguage":"es","potentialAction":[{"@type":"ReadAction","target":["https:\/\/gobiernoparroquialsancristobal.gob.ec\/azuay\/proceso-de-contratacion\/"]}]},{"@type":"BreadcrumbList","@id":"https:\/\/gobiernoparroquialsancristobal.gob.ec\/azuay\/proceso-de-contratacion\/#breadcrumb","itemListElement":[{"@type":"ListItem","position":1,"name":"Home","item":"https:\/\/gobiernoparroquialsancristobal.gob.ec\/azuay\/"},{"@type":"ListItem","position":2,"name":"Proceso de Contrataci\u00f3n"}]},{"@type":"WebSite","@id":"https:\/\/gobiernoparroquialsancristobal.gob.ec\/azuay\/#website","url":"https:\/\/gobiernoparroquialsancristobal.gob.ec\/azuay\/","name":"GAD Parroquial de San Cristobal Azuay","description":"Sitio Oficial del GAD Parroquial San Cristobal Azuay","publisher":{"@id":"https:\/\/gobiernoparroquialsancristobal.gob.ec\/azuay\/#organization"},"potentialAction":[{"@type":"SearchAction","target":{"@type":"EntryPoint","urlTemplate":"https:\/\/gobiernoparroquialsancristobal.gob.ec\/azuay\/?s={search_term_string}"},"query-input":{"@type":"PropertyValueSpecification","valueRequired":true,"valueName":"search_term_string"}}],"inLanguage":"es"},{"@type":"Organization","@id":"https:\/\/gobiernoparroquialsancristobal.gob.ec\/azuay\/#organization","name":"GAD Parroquial de San Cristobal Azuay","url":"https:\/\/gobiernoparroquialsancristobal.gob.ec\/azuay\/","logo":{"@type":"ImageObject","inLanguage":"es","@id":"https:\/\/gobiernoparroquialsancristobal.gob.ec\/azuay\/#\/schema\/logo\/image\/","url":"https:\/\/gobiernoparroquialsancristobal.gob.ec\/azuay\/wp-content\/uploads\/2020\/06\/logoFooter.png","contentUrl":"https:\/\/gobiernoparroquialsancristobal.gob.ec\/azuay\/wp-content\/uploads\/2020\/06\/logoFooter.png","width":200,"height":150,"caption":"GAD Parroquial de San Cristobal Azuay"},"image":{"@id":"https:\/\/gobiernoparroquialsancristobal.gob.ec\/azuay\/#\/schema\/logo\/image\/"}}]}},"_links":{"self":[{"href":"https:\/\/gobiernoparroquialsancristobal.gob.ec\/azuay\/wp-json\/wp\/v2\/pages\/58","targetHints":{"allow":["GET"]}}],"collection":[{"href":"https:\/\/gobiernoparroquialsancristobal.gob.ec\/azuay\/wp-json\/wp\/v2\/pages"}],"about":[{"href":"https:\/\/gobiernoparroquialsancristobal.gob.ec\/azuay\/wp-json\/wp\/v2\/types\/page"}],"author":[{"embeddable":true,"href":"https:\/\/gobiernoparroquialsancristobal.gob.ec\/azuay\/wp-json\/wp\/v2\/users\/6"}],"replies":[{"embeddable":true,"href":"https:\/\/gobiernoparroquialsancristobal.gob.ec\/azuay\/wp-json\/wp\/v2\/comments?post=58"}],"version-history":[{"count":7,"href":"https:\/\/gobiernoparroquialsancristobal.gob.ec\/azuay\/wp-json\/wp\/v2\/pages\/58\/revisions"}],"predecessor-version":[{"id":1250,"href":"https:\/\/gobiernoparroquialsancristobal.gob.ec\/azuay\/wp-json\/wp\/v2\/pages\/58\/revisions\/1250"}],"wp:attachment":[{"href":"https:\/\/gobiernoparroquialsancristobal.gob.ec\/azuay\/wp-json\/wp\/v2\/media?parent=58"}],"curies":[{"name":"wp","href":"https:\/\/api.w.org\/{rel}","templated":true}]}}