{"id":731,"date":"2017-01-31T14:26:06","date_gmt":"2017-01-31T18:26:06","guid":{"rendered":"http:\/\/gobiernoparroquialsancristobal.gob.ec\/azuay\/?page_id=731"},"modified":"2018-04-29T17:03:48","modified_gmt":"2018-04-29T21:03:48","slug":"rendicion-de-cuentas-2017","status":"publish","type":"page","link":"https:\/\/gobiernoparroquialsancristobal.gob.ec\/azuay\/rendicion-de-cuentas-2017\/","title":{"rendered":"Rendici\u00f3n de Cuentas 2017"},"content":{"rendered":"<p><a href=\"http:\/\/gobiernoparroquialsancristobal.gob.ec\/azuay\/wp-content\/uploads\/2017\/01\/Acta-Asamblea-Parroquial-Rendicion-Cuentas-2017.pdf\">Acta Asamblea Parroquial Rendicion Cuentas 2017<\/a><\/p>\n<p><a href=\"http:\/\/gobiernoparroquialsancristobal.gob.ec\/azuay\/wp-content\/uploads\/2017\/01\/Presentaci\u00f3n-Informe-RC-2017.pdf\">Presentaci\u00f3n Informe RC 2017<\/a><\/p>\n<p><a href=\"http:\/\/gobiernoparroquialsancristobal.gob.ec\/azuay\/wp-content\/uploads\/2017\/01\/Acta-aprobaci\u00f3n-informe-rendicion-cuentas-2017.pdf\">Acta aprobaci\u00f3n informe rendicion cuentas 2017<\/a><\/p>\n<p><a href=\"http:\/\/gobiernoparroquialsancristobal.gob.ec\/azuay\/wp-content\/uploads\/2017\/01\/Acta-conformacion-equipo-mixto.pdf\">Acta conformacion equipo mixto<\/a><\/p>\n<p><a href=\"http:\/\/gobiernoparroquialsancristobal.gob.ec\/azuay\/wp-content\/uploads\/2017\/01\/Invitaci\u00f3n-Asamblea-Parroquial-Rendici\u00f3n-de-Cuentas-2017.pdf\">Invitaci\u00f3n Asamblea Parroquial Rendici\u00f3n de Cuentas 2017<\/a><\/p>\n<p><a href=\"http:\/\/gobiernoparroquialsancristobal.gob.ec\/azuay\/wp-content\/uploads\/2017\/01\/Contestacion-Consulta-Ciudadana.pdf\">Contestacion Consulta Ciudadana<\/a><\/p>\n<p><a href=\"http:\/\/gobiernoparroquialsancristobal.gob.ec\/azuay\/wp-content\/uploads\/2017\/01\/Invitacion-a-Reunion-Consulta-Ciudadana.pdf\">Invitacion a Reunion Consulta Ciudadana<\/a><\/p>\n<p><a href=\"http:\/\/gobiernoparroquialsancristobal.gob.ec\/azuay\/wp-content\/uploads\/2017\/01\/Formulario-CCPSCS.xlsx\">Formulario CCPSCS<\/a><\/p>\n<p>&nbsp;<\/p>\n","protected":false},"excerpt":{"rendered":"<p>Acta Asamblea Parroquial Rendicion Cuentas 2017 Presentaci\u00f3n Informe RC 2017 Acta aprobaci\u00f3n informe rendicion cuentas 2017 Acta conformacion equipo mixto Invitaci\u00f3n Asamblea Parroquial Rendici\u00f3n de Cuentas 2017 Contestacion Consulta Ciudadana Invitacion a Reunion Consulta Ciudadana Formulario CCPSCS &nbsp;<\/p>\n","protected":false},"author":6,"featured_media":0,"parent":0,"menu_order":0,"comment_status":"closed","ping_status":"closed","template":"","meta":{"footnotes":""},"class_list":["post-731","page","type-page","status-publish","hentry"],"yoast_head":"<!-- This site is optimized with the Yoast SEO plugin v24.1 - https:\/\/yoast.com\/wordpress\/plugins\/seo\/ -->\n<title>Rendici\u00f3n de Cuentas 2017 - GAD Parroquial de San Cristobal<\/title>\n<meta name=\"robots\" content=\"index, follow, max-snippet:-1, max-image-preview:large, max-video-preview:-1\" \/>\n<link rel=\"canonical\" href=\"https:\/\/gobiernoparroquialsancristobal.gob.ec\/azuay\/rendicion-de-cuentas-2017\/\" \/>\n<meta property=\"og:locale\" content=\"es_ES\" \/>\n<meta property=\"og:type\" content=\"article\" \/>\n<meta property=\"og:title\" content=\"Rendici\u00f3n de Cuentas 2017 - GAD Parroquial de San Cristobal\" \/>\n<meta property=\"og:description\" content=\"Acta Asamblea Parroquial Rendicion Cuentas 2017 Presentaci\u00f3n Informe RC 2017 Acta aprobaci\u00f3n informe rendicion cuentas 2017 Acta conformacion equipo mixto Invitaci\u00f3n Asamblea Parroquial Rendici\u00f3n de Cuentas 2017 Contestacion Consulta Ciudadana Invitacion a Reunion Consulta Ciudadana Formulario CCPSCS &nbsp;\" \/>\n<meta property=\"og:url\" content=\"https:\/\/gobiernoparroquialsancristobal.gob.ec\/azuay\/rendicion-de-cuentas-2017\/\" \/>\n<meta property=\"og:site_name\" content=\"GAD Parroquial de San Cristobal\" \/>\n<meta property=\"article:modified_time\" content=\"2018-04-29T21:03:48+00:00\" \/>\n<meta name=\"twitter:card\" content=\"summary_large_image\" \/>\n<script type=\"application\/ld+json\" class=\"yoast-schema-graph\">{\"@context\":\"https:\/\/schema.org\",\"@graph\":[{\"@type\":\"WebPage\",\"@id\":\"https:\/\/gobiernoparroquialsancristobal.gob.ec\/azuay\/rendicion-de-cuentas-2017\/\",\"url\":\"https:\/\/gobiernoparroquialsancristobal.gob.ec\/azuay\/rendicion-de-cuentas-2017\/\",\"name\":\"Rendici\u00f3n de Cuentas 2017 - GAD Parroquial de San Cristobal\",\"isPartOf\":{\"@id\":\"https:\/\/gobiernoparroquialsancristobal.gob.ec\/azuay\/#website\"},\"datePublished\":\"2017-01-31T18:26:06+00:00\",\"dateModified\":\"2018-04-29T21:03:48+00:00\",\"breadcrumb\":{\"@id\":\"https:\/\/gobiernoparroquialsancristobal.gob.ec\/azuay\/rendicion-de-cuentas-2017\/#breadcrumb\"},\"inLanguage\":\"es\",\"potentialAction\":[{\"@type\":\"ReadAction\",\"target\":[\"https:\/\/gobiernoparroquialsancristobal.gob.ec\/azuay\/rendicion-de-cuentas-2017\/\"]}]},{\"@type\":\"BreadcrumbList\",\"@id\":\"https:\/\/gobiernoparroquialsancristobal.gob.ec\/azuay\/rendicion-de-cuentas-2017\/#breadcrumb\",\"itemListElement\":[{\"@type\":\"ListItem\",\"position\":1,\"name\":\"Home\",\"item\":\"https:\/\/gobiernoparroquialsancristobal.gob.ec\/azuay\/\"},{\"@type\":\"ListItem\",\"position\":2,\"name\":\"Rendici\u00f3n de Cuentas 2017\"}]},{\"@type\":\"WebSite\",\"@id\":\"https:\/\/gobiernoparroquialsancristobal.gob.ec\/azuay\/#website\",\"url\":\"https:\/\/gobiernoparroquialsancristobal.gob.ec\/azuay\/\",\"name\":\"GAD Parroquial de San Cristobal Azuay\",\"description\":\"Sitio Oficial del GAD Parroquial San Cristobal Azuay\",\"publisher\":{\"@id\":\"https:\/\/gobiernoparroquialsancristobal.gob.ec\/azuay\/#organization\"},\"potentialAction\":[{\"@type\":\"SearchAction\",\"target\":{\"@type\":\"EntryPoint\",\"urlTemplate\":\"https:\/\/gobiernoparroquialsancristobal.gob.ec\/azuay\/?s={search_term_string}\"},\"query-input\":{\"@type\":\"PropertyValueSpecification\",\"valueRequired\":true,\"valueName\":\"search_term_string\"}}],\"inLanguage\":\"es\"},{\"@type\":\"Organization\",\"@id\":\"https:\/\/gobiernoparroquialsancristobal.gob.ec\/azuay\/#organization\",\"name\":\"GAD Parroquial de San Cristobal Azuay\",\"url\":\"https:\/\/gobiernoparroquialsancristobal.gob.ec\/azuay\/\",\"logo\":{\"@type\":\"ImageObject\",\"inLanguage\":\"es\",\"@id\":\"https:\/\/gobiernoparroquialsancristobal.gob.ec\/azuay\/#\/schema\/logo\/image\/\",\"url\":\"https:\/\/gobiernoparroquialsancristobal.gob.ec\/azuay\/wp-content\/uploads\/2020\/06\/logoFooter.png\",\"contentUrl\":\"https:\/\/gobiernoparroquialsancristobal.gob.ec\/azuay\/wp-content\/uploads\/2020\/06\/logoFooter.png\",\"width\":200,\"height\":150,\"caption\":\"GAD Parroquial de San Cristobal Azuay\"},\"image\":{\"@id\":\"https:\/\/gobiernoparroquialsancristobal.gob.ec\/azuay\/#\/schema\/logo\/image\/\"}}]}<\/script>\n<!-- \/ Yoast SEO plugin. -->","yoast_head_json":{"title":"Rendici\u00f3n de Cuentas 2017 - GAD Parroquial de San Cristobal","robots":{"index":"index","follow":"follow","max-snippet":"max-snippet:-1","max-image-preview":"max-image-preview:large","max-video-preview":"max-video-preview:-1"},"canonical":"https:\/\/gobiernoparroquialsancristobal.gob.ec\/azuay\/rendicion-de-cuentas-2017\/","og_locale":"es_ES","og_type":"article","og_title":"Rendici\u00f3n de Cuentas 2017 - GAD Parroquial de San Cristobal","og_description":"Acta Asamblea Parroquial Rendicion Cuentas 2017 Presentaci\u00f3n Informe RC 2017 Acta aprobaci\u00f3n informe rendicion cuentas 2017 Acta conformacion equipo mixto Invitaci\u00f3n Asamblea Parroquial Rendici\u00f3n de Cuentas 2017 Contestacion Consulta Ciudadana Invitacion a Reunion Consulta Ciudadana Formulario CCPSCS &nbsp;","og_url":"https:\/\/gobiernoparroquialsancristobal.gob.ec\/azuay\/rendicion-de-cuentas-2017\/","og_site_name":"GAD Parroquial de San Cristobal","article_modified_time":"2018-04-29T21:03:48+00:00","twitter_card":"summary_large_image","schema":{"@context":"https:\/\/schema.org","@graph":[{"@type":"WebPage","@id":"https:\/\/gobiernoparroquialsancristobal.gob.ec\/azuay\/rendicion-de-cuentas-2017\/","url":"https:\/\/gobiernoparroquialsancristobal.gob.ec\/azuay\/rendicion-de-cuentas-2017\/","name":"Rendici\u00f3n de Cuentas 2017 - GAD Parroquial de San Cristobal","isPartOf":{"@id":"https:\/\/gobiernoparroquialsancristobal.gob.ec\/azuay\/#website"},"datePublished":"2017-01-31T18:26:06+00:00","dateModified":"2018-04-29T21:03:48+00:00","breadcrumb":{"@id":"https:\/\/gobiernoparroquialsancristobal.gob.ec\/azuay\/rendicion-de-cuentas-2017\/#breadcrumb"},"inLanguage":"es","potentialAction":[{"@type":"ReadAction","target":["https:\/\/gobiernoparroquialsancristobal.gob.ec\/azuay\/rendicion-de-cuentas-2017\/"]}]},{"@type":"BreadcrumbList","@id":"https:\/\/gobiernoparroquialsancristobal.gob.ec\/azuay\/rendicion-de-cuentas-2017\/#breadcrumb","itemListElement":[{"@type":"ListItem","position":1,"name":"Home","item":"https:\/\/gobiernoparroquialsancristobal.gob.ec\/azuay\/"},{"@type":"ListItem","position":2,"name":"Rendici\u00f3n de Cuentas 2017"}]},{"@type":"WebSite","@id":"https:\/\/gobiernoparroquialsancristobal.gob.ec\/azuay\/#website","url":"https:\/\/gobiernoparroquialsancristobal.gob.ec\/azuay\/","name":"GAD Parroquial de San Cristobal Azuay","description":"Sitio Oficial del GAD Parroquial San Cristobal Azuay","publisher":{"@id":"https:\/\/gobiernoparroquialsancristobal.gob.ec\/azuay\/#organization"},"potentialAction":[{"@type":"SearchAction","target":{"@type":"EntryPoint","urlTemplate":"https:\/\/gobiernoparroquialsancristobal.gob.ec\/azuay\/?s={search_term_string}"},"query-input":{"@type":"PropertyValueSpecification","valueRequired":true,"valueName":"search_term_string"}}],"inLanguage":"es"},{"@type":"Organization","@id":"https:\/\/gobiernoparroquialsancristobal.gob.ec\/azuay\/#organization","name":"GAD Parroquial de San Cristobal Azuay","url":"https:\/\/gobiernoparroquialsancristobal.gob.ec\/azuay\/","logo":{"@type":"ImageObject","inLanguage":"es","@id":"https:\/\/gobiernoparroquialsancristobal.gob.ec\/azuay\/#\/schema\/logo\/image\/","url":"https:\/\/gobiernoparroquialsancristobal.gob.ec\/azuay\/wp-content\/uploads\/2020\/06\/logoFooter.png","contentUrl":"https:\/\/gobiernoparroquialsancristobal.gob.ec\/azuay\/wp-content\/uploads\/2020\/06\/logoFooter.png","width":200,"height":150,"caption":"GAD Parroquial de San Cristobal Azuay"},"image":{"@id":"https:\/\/gobiernoparroquialsancristobal.gob.ec\/azuay\/#\/schema\/logo\/image\/"}}]}},"_links":{"self":[{"href":"https:\/\/gobiernoparroquialsancristobal.gob.ec\/azuay\/wp-json\/wp\/v2\/pages\/731","targetHints":{"allow":["GET"]}}],"collection":[{"href":"https:\/\/gobiernoparroquialsancristobal.gob.ec\/azuay\/wp-json\/wp\/v2\/pages"}],"about":[{"href":"https:\/\/gobiernoparroquialsancristobal.gob.ec\/azuay\/wp-json\/wp\/v2\/types\/page"}],"author":[{"embeddable":true,"href":"https:\/\/gobiernoparroquialsancristobal.gob.ec\/azuay\/wp-json\/wp\/v2\/users\/6"}],"replies":[{"embeddable":true,"href":"https:\/\/gobiernoparroquialsancristobal.gob.ec\/azuay\/wp-json\/wp\/v2\/comments?post=731"}],"version-history":[{"count":10,"href":"https:\/\/gobiernoparroquialsancristobal.gob.ec\/azuay\/wp-json\/wp\/v2\/pages\/731\/revisions"}],"predecessor-version":[{"id":998,"href":"https:\/\/gobiernoparroquialsancristobal.gob.ec\/azuay\/wp-json\/wp\/v2\/pages\/731\/revisions\/998"}],"wp:attachment":[{"href":"https:\/\/gobiernoparroquialsancristobal.gob.ec\/azuay\/wp-json\/wp\/v2\/media?parent=731"}],"curies":[{"name":"wp","href":"https:\/\/api.w.org\/{rel}","templated":true}]}}